{"id":822,"date":"2023-01-20T11:18:45","date_gmt":"2023-01-20T11:18:45","guid":{"rendered":"https:\/\/hub.jungundbanse.de\/mosaic\/?page_id=822"},"modified":"2023-07-25T17:21:00","modified_gmt":"2023-07-25T15:21:00","slug":"bildsprache","status":"publish","type":"page","link":"https:\/\/hub.jungundbanse.de\/mosaic\/design\/bildsprache\/","title":{"rendered":"Bildsprache"},"content":{"rendered":"<div  class=\"gs_Qj3Ucj row_wrap has-background\"><div id='bg_69e50c8d57c3d' class='greyd-background bg_full'>\n\t\t\t\t\t\t\t\t<div class='bg_color'><\/div>\n\t\t\t\t\t\t\t\t\n\t\t\t\t\t\t\t\t\n\t\t\t\t\t\t\t\t\n\t\t\t\t\t\t\t<\/div>\n<div class=\"wp-block-columns row_xxl has-color-31-background-color has-background\">\n<div class=\"wp-block-column col-12 col-sm-auto\">\n<p class=\"has-text-align-center has-color-22-color has-text-color has-h-1-font-size\">Design<\/p>\n<\/div>\n<\/div>\n<\/div>\n\n<div  class=\"gs_EvLJYl row_wrap\">\n<div class=\"wp-block-columns are-vertically-aligned-top row_xxl\">\n<div class=\"wp-block-column is-vertically-aligned-top hidden-xs col-12 col-sm-auto col-lg-3\" style=\"padding-bottom:var(--wp--preset--spacing--80);flex-basis:33.33%\">\n<div class=\"wp-block-senff-sticky-block\" data-topspace=\"90\" data-cfa=\"true\" data-minwidth=\"0\" data-maxwidth=\"99999\" data-pushup=\"\" data-zindex=\"1\">\n<style class=\"greyd-styles\">.gs_ywMi5m, .gs_ywMi5m .menu-item { flex-direction: column !important; --gap: 18px !important; } <\/style>\n<div  class=\"block_menu_wrapper\"><div class=\"menu-design-sidemenu-container\"><ul id=\"menu-design-sidemenu\" class=\"menu gs_ywMi5m\"><li id=\"menu-item-860\" class=\"menu-item menu-item-type-post_type menu-item-object-page menu-item-has-children menu-item-860\"><a href=\"https:\/\/hub.jungundbanse.de\/mosaic\/design\/logo\/\">Logo<\/a>\n<ul class=\"sub-menu\">\n\t<li id=\"menu-item-861\" class=\"menu-item menu-item-type-custom menu-item-object-custom menu-item-861\"><a href=\"\/mosaic\/design\/logo\/#wortmarke\"><span aria-hidden='true' class='arrow_right' style='pointer-events:none;color:inherit;margin-right:5px'><\/span>Wortmarke<\/a><\/li>\n\t<li id=\"menu-item-863\" class=\"menu-item menu-item-type-custom menu-item-object-custom menu-item-863\"><a href=\"\/mosaic\/design\/logo\/#schutzraum\"><span aria-hidden='true' class='arrow_right' style='pointer-events:none;color:inherit;margin-right:5px'><\/span>Schutzraum<\/a><\/li>\n\t<li id=\"menu-item-864\" class=\"menu-item menu-item-type-custom menu-item-object-custom menu-item-864\"><a href=\"\/mosaic\/design\/logo\/#socialmedia\"><span aria-hidden='true' class='arrow_right' style='pointer-events:none;color:inherit;margin-right:5px'><\/span>Social Media<\/a><\/li>\n\t<li id=\"menu-item-865\" class=\"menu-item menu-item-type-custom menu-item-object-custom menu-item-865\"><a href=\"\/mosaic\/design\/logo\/#dosanddonts\"><span aria-hidden='true' class='arrow_right' style='pointer-events:none;color:inherit;margin-right:5px'><\/span>Do&#8217;s and Dont&#8217;s<\/a><\/li>\n<\/ul>\n<\/li>\n<li id=\"menu-item-859\" class=\"menu-item menu-item-type-post_type menu-item-object-page menu-item-859\"><a href=\"https:\/\/hub.jungundbanse.de\/mosaic\/design\/farben\/\">Farben<\/a><\/li>\n<li id=\"menu-item-858\" class=\"menu-item menu-item-type-post_type menu-item-object-page menu-item-858\"><a href=\"https:\/\/hub.jungundbanse.de\/mosaic\/design\/typografie\/\">Typografie<\/a><\/li>\n<li id=\"menu-item-857\" class=\"menu-item menu-item-type-post_type menu-item-object-page menu-item-has-children menu-item-857\"><a href=\"https:\/\/hub.jungundbanse.de\/mosaic\/design\/icons\/\">Icons<\/a>\n<ul class=\"sub-menu\">\n\t<li id=\"menu-item-1870\" class=\"menu-item menu-item-type-custom menu-item-object-custom menu-item-1870\"><a href=\"\/mosaic\/design\/icons\/#brandicons\"><span aria-hidden='true' class='arrow_right' style='pointer-events:none;color:inherit;margin-right:5px'><\/span>Brand Icons<\/a><\/li>\n\t<li id=\"menu-item-1871\" class=\"menu-item menu-item-type-custom menu-item-object-custom menu-item-1871\"><a href=\"\/mosaic\/design\/icons\/#uiicons\"><span aria-hidden='true' class='arrow_right' style='pointer-events:none;color:inherit;margin-right:5px'><\/span>UI Icons<\/a><\/li>\n<\/ul>\n<\/li>\n<li id=\"menu-item-856\" class=\"menu-item menu-item-type-post_type menu-item-object-page menu-item-856\"><a href=\"https:\/\/hub.jungundbanse.de\/mosaic\/design\/bildsprache\/\">Bildsprache<\/a><\/li>\n<li id=\"menu-item-854\" class=\"menu-item menu-item-type-post_type menu-item-object-page menu-item-854\"><a href=\"https:\/\/hub.jungundbanse.de\/mosaic\/design\/layoutprinzip\/\">Layoutprinzip<\/a><\/li>\n<li id=\"menu-item-853\" class=\"menu-item menu-item-type-post_type menu-item-object-page menu-item-853\"><a href=\"https:\/\/hub.jungundbanse.de\/mosaic\/design\/anwendungsbeispiele\/\">Anwendungsbeispiele<\/a><\/li>\n<\/ul><\/div><\/div><\/div>\n<\/div>\n\n\n\n<div class=\"wp-block-column is-vertically-aligned-top col-12 col-sm-auto\" style=\"flex-basis:66.66%;width:66.66%\">\n<h2 class=\"wp-block-heading\">Bildsprache<\/h2>\n\n\n\n<p>Wenn Bilder richtig verwendet werden, k\u00f6nnen sie die Bindung zwischen der Zielgruppe und der Marke vertiefen, denn sie kommunizieren die Markenwerte auf k\u00fcrzestem Weg. Bei MOSAIC legen wir gro\u00dfen Wert auf eine authentische Bildwelt, die die Leichtigkeit unserer Softwarel\u00f6sung kommuniziert.<\/p>\n\n\n<div  class='spacer_wrap' style='visibility: hidden'><div class='wp-block-spacer inner-sm' style='height: calc(30px * 0.4)' aria-hidden='true'><\/div><div class='wp-block-spacer inner-md' style='height: calc(30px * 0.6)' aria-hidden='true'><\/div><div class='wp-block-spacer inner-lg' style='height: calc(30px * 0.8)' aria-hidden='true'><\/div><div class='wp-block-spacer inner-xl' style='height: calc(30px * 1)' aria-hidden='true'><\/div><\/div>\n\n<figure class=\"wp-block-image greyd-image   gs_CG5aD7\"><img loading=\"lazy\" decoding=\"async\" width=\"1024\" height=\"580\" src=\"https:\/\/hub.jungundbanse.de\/mosaic\/wp-content\/uploads\/sites\/10\/2023\/07\/GG_Hub_Bildsprache_170723-1024x580.png\" class=\"wp-image-1812\" alt=\"GG_Hub_Bildsprache_170723\" srcset=\"https:\/\/hub.jungundbanse.de\/mosaic\/wp-content\/uploads\/sites\/10\/2023\/07\/GG_Hub_Bildsprache_170723-1024x580.png 1024w, https:\/\/hub.jungundbanse.de\/mosaic\/wp-content\/uploads\/sites\/10\/2023\/07\/GG_Hub_Bildsprache_170723-300x170.png 300w, https:\/\/hub.jungundbanse.de\/mosaic\/wp-content\/uploads\/sites\/10\/2023\/07\/GG_Hub_Bildsprache_170723-768x435.png 768w, https:\/\/hub.jungundbanse.de\/mosaic\/wp-content\/uploads\/sites\/10\/2023\/07\/GG_Hub_Bildsprache_170723.png 1365w\" sizes=\"(max-width: 1024px) 100vw, 1024px\" \/><\/figure>\n\n\n<div style=\"height:0px\" aria-hidden=\"true\" class=\"wp-block-spacer\"><\/div>\n\n\n<div  class='spacer_wrap' style='visibility: hidden'><div class='wp-block-spacer inner-sm' style='height: calc(80px * 0.8)' aria-hidden='true'><\/div><div class='wp-block-spacer inner-md' style='height: calc(80px * 0.8)' aria-hidden='true'><\/div><div class='wp-block-spacer inner-lg' style='height: calc(80px * 1)' aria-hidden='true'><\/div><div class='wp-block-spacer inner-xl' style='height: calc(80px * 1)' aria-hidden='true'><\/div><\/div>\n\n\n<h2 class=\"has-h-4-font-size wp-block-heading\">Empfohlene Bilderdatenbanken<\/h2>\n\n\n<div  class='spacer_wrap' style='visibility: hidden'><div class='wp-block-spacer inner-sm' style='height: calc(30px * 0.4)' aria-hidden='true'><\/div><div class='wp-block-spacer inner-md' style='height: calc(30px * 0.6)' aria-hidden='true'><\/div><div class='wp-block-spacer inner-lg' style='height: calc(30px * 0.8)' aria-hidden='true'><\/div><div class='wp-block-spacer inner-xl' style='height: calc(30px * 1)' aria-hidden='true'><\/div><\/div>\n\n\n<div class=\"wp-block-greyd-buttons alignleft\">\n<a  href=\"http:\/\/www.unsplash.com\/de\" target=\"_blank\" class=\"button is-style-prim gs_paKkgV \">Zu Unsplash<\/a>\n\n\n\n<a  href=\"https:\/\/www.westend61.de\" target=\"_blank\" class=\"button is-style-prim gs_7gyDzd \">Zu westend61<\/a>\n\n\n\n<a  href=\"https:\/\/www.istockphoto.com\/de\" target=\"_blank\" class=\"button is-style-prim gs_1kUbdA \">Zu iStock<\/a>\n\n\n\n<a  href=\"https:\/\/stock.adobe.com\/de\/\" target=\"_blank\" class=\"button is-style-prim gs_hDkFmu \">Zu Adobe Stock<\/a>\n<\/div>\n\n\n<div  class='spacer_wrap' style='visibility: hidden'><div class='wp-block-spacer inner-sm' style='height: calc(50px * 0.8)' aria-hidden='true'><\/div><div class='wp-block-spacer inner-md' style='height: calc(50px * 0.8)' aria-hidden='true'><\/div><div class='wp-block-spacer inner-lg' style='height: calc(50px * 1)' aria-hidden='true'><\/div><div class='wp-block-spacer inner-xl' style='height: calc(50px * 1)' aria-hidden='true'><\/div><\/div>\n\n\n<hr style='  width: 100% !important;   'class=\"wp-block-separator has-text-color has-color-32-color has-alpha-channel-opacity has-color-32-background-color has-background\"\/>\n\n\n<div  class='spacer_wrap' style='visibility: hidden'><div class='wp-block-spacer inner-sm' style='height: calc(50px * 0.8)' aria-hidden='true'><\/div><div class='wp-block-spacer inner-md' style='height: calc(50px * 0.8)' aria-hidden='true'><\/div><div class='wp-block-spacer inner-lg' style='height: calc(50px * 1)' aria-hidden='true'><\/div><div class='wp-block-spacer inner-xl' style='height: calc(50px * 1)' aria-hidden='true'><\/div><\/div>\n\n\n<h2 class=\"has-h-4-font-size wp-block-heading\">Beispiel-Bildwelt: Gr\u00fcnanlagenpflege<\/h2>\n\n\n<div  class='spacer_wrap' style='visibility: hidden'><div class='wp-block-spacer inner-sm' style='height: calc(30px * 0.8)' aria-hidden='true'><\/div><div class='wp-block-spacer inner-md' style='height: calc(30px * 0.8)' aria-hidden='true'><\/div><div class='wp-block-spacer inner-lg' style='height: calc(30px * 1)' aria-hidden='true'><\/div><div class='wp-block-spacer inner-xl' style='height: calc(30px * 1)' aria-hidden='true'><\/div><\/div>\n\n<figure class=\"wp-block-image greyd-image   gs_MYD5VC\"><img loading=\"lazy\" decoding=\"async\" width=\"1024\" height=\"576\" src=\"https:\/\/hub.jungundbanse.de\/mosaic\/wp-content\/uploads\/sites\/10\/2023\/07\/GG_Hub_Bildsprache_170723_2-1024x576.webp\" class=\"wp-image-1817\" alt=\"GG_Hub_Bildsprache_170723_2\" srcset=\"https:\/\/hub.jungundbanse.de\/mosaic\/wp-content\/uploads\/sites\/10\/2023\/07\/GG_Hub_Bildsprache_170723_2-1024x576.webp 1024w, https:\/\/hub.jungundbanse.de\/mosaic\/wp-content\/uploads\/sites\/10\/2023\/07\/GG_Hub_Bildsprache_170723_2-300x169.webp 300w, https:\/\/hub.jungundbanse.de\/mosaic\/wp-content\/uploads\/sites\/10\/2023\/07\/GG_Hub_Bildsprache_170723_2-768x432.webp 768w, https:\/\/hub.jungundbanse.de\/mosaic\/wp-content\/uploads\/sites\/10\/2023\/07\/GG_Hub_Bildsprache_170723_2-1536x864.webp 1536w, https:\/\/hub.jungundbanse.de\/mosaic\/wp-content\/uploads\/sites\/10\/2023\/07\/GG_Hub_Bildsprache_170723_2.webp 1920w\" sizes=\"(max-width: 1024px) 100vw, 1024px\" \/><\/figure>\n\n<div  class='spacer_wrap' style='visibility: hidden'><div class='wp-block-spacer inner-sm' style='height: calc(50px * 0.8)' aria-hidden='true'><\/div><div class='wp-block-spacer inner-md' style='height: calc(50px * 0.8)' aria-hidden='true'><\/div><div class='wp-block-spacer inner-lg' style='height: calc(50px * 1)' aria-hidden='true'><\/div><div class='wp-block-spacer inner-xl' style='height: calc(50px * 1)' aria-hidden='true'><\/div><\/div>\n\n\n<hr style='  width: 100% !important;   'class=\"wp-block-separator has-text-color has-color-32-color has-alpha-channel-opacity has-color-32-background-color has-background\"\/>\n\n\n<div  class='spacer_wrap' style='visibility: hidden'><div class='wp-block-spacer inner-sm' style='height: calc(50px * 0.8)' aria-hidden='true'><\/div><div class='wp-block-spacer inner-md' style='height: calc(50px * 0.8)' aria-hidden='true'><\/div><div class='wp-block-spacer inner-lg' style='height: calc(50px * 1)' aria-hidden='true'><\/div><div class='wp-block-spacer inner-xl' style='height: calc(50px * 1)' aria-hidden='true'><\/div><\/div>\n\n\n<h2 class=\"has-h-4-font-size wp-block-heading\">Beispiel-Bildwelt: Windkraft<\/h2>\n\n\n<div  class='spacer_wrap' style='visibility: hidden'><div class='wp-block-spacer inner-sm' style='height: calc(30px * 0.8)' aria-hidden='true'><\/div><div class='wp-block-spacer inner-md' style='height: calc(30px * 0.8)' aria-hidden='true'><\/div><div class='wp-block-spacer inner-lg' style='height: calc(30px * 1)' aria-hidden='true'><\/div><div class='wp-block-spacer inner-xl' style='height: calc(30px * 1)' aria-hidden='true'><\/div><\/div>\n\n<figure class=\"wp-block-image greyd-image   gs_aQdrnW\"><img loading=\"lazy\" decoding=\"async\" width=\"1024\" height=\"576\" src=\"https:\/\/hub.jungundbanse.de\/mosaic\/wp-content\/uploads\/sites\/10\/2023\/07\/GG_Hub_Bildsprache_170723_1-1024x576.webp\" class=\"wp-image-1815\" alt=\"GG_Hub_Bildsprache_170723_1\" srcset=\"https:\/\/hub.jungundbanse.de\/mosaic\/wp-content\/uploads\/sites\/10\/2023\/07\/GG_Hub_Bildsprache_170723_1-1024x576.webp 1024w, https:\/\/hub.jungundbanse.de\/mosaic\/wp-content\/uploads\/sites\/10\/2023\/07\/GG_Hub_Bildsprache_170723_1-300x169.webp 300w, https:\/\/hub.jungundbanse.de\/mosaic\/wp-content\/uploads\/sites\/10\/2023\/07\/GG_Hub_Bildsprache_170723_1-768x432.webp 768w, https:\/\/hub.jungundbanse.de\/mosaic\/wp-content\/uploads\/sites\/10\/2023\/07\/GG_Hub_Bildsprache_170723_1-1536x864.webp 1536w, https:\/\/hub.jungundbanse.de\/mosaic\/wp-content\/uploads\/sites\/10\/2023\/07\/GG_Hub_Bildsprache_170723_1.webp 1920w\" sizes=\"(max-width: 1024px) 100vw, 1024px\" \/><\/figure>\n\n<div  class='spacer_wrap' style='visibility: hidden'><div class='wp-block-spacer inner-sm' style='height: calc(50px * 0.8)' aria-hidden='true'><\/div><div class='wp-block-spacer inner-md' style='height: calc(50px * 0.8)' aria-hidden='true'><\/div><div class='wp-block-spacer inner-lg' style='height: calc(50px * 1)' aria-hidden='true'><\/div><div class='wp-block-spacer inner-xl' style='height: calc(50px * 1)' aria-hidden='true'><\/div><\/div>\n\n\n<hr style='  width: 100% !important;   'class=\"wp-block-separator has-text-color has-color-32-color has-alpha-channel-opacity has-color-32-background-color has-background\"\/>\n\n\n<div  class='spacer_wrap' style='visibility: hidden'><div class='wp-block-spacer inner-sm' style='height: calc(50px * 0.8)' aria-hidden='true'><\/div><div class='wp-block-spacer inner-md' style='height: calc(50px * 0.8)' aria-hidden='true'><\/div><div class='wp-block-spacer inner-lg' style='height: calc(50px * 1)' aria-hidden='true'><\/div><div class='wp-block-spacer inner-xl' style='height: calc(50px * 1)' aria-hidden='true'><\/div><\/div>\n\n\n<h2 class=\"has-h-4-font-size wp-block-heading\">Beispiel-Bildwelt: Interne Unternehmensfotos<\/h2>\n\n\n<div  class='spacer_wrap' style='visibility: hidden'><div class='wp-block-spacer inner-sm' style='height: calc(30px * 0.8)' aria-hidden='true'><\/div><div class='wp-block-spacer inner-md' style='height: calc(30px * 0.8)' aria-hidden='true'><\/div><div class='wp-block-spacer inner-lg' style='height: calc(30px * 1)' aria-hidden='true'><\/div><div class='wp-block-spacer inner-xl' style='height: calc(30px * 1)' aria-hidden='true'><\/div><\/div>\n\n<figure class=\"wp-block-image greyd-image   gs_Lq4cdU\"><img loading=\"lazy\" decoding=\"async\" width=\"1024\" height=\"576\" src=\"https:\/\/hub.jungundbanse.de\/mosaic\/wp-content\/uploads\/sites\/10\/2023\/07\/GG_Hub_Bildsprache_170723_3-1024x576.webp\" class=\"wp-image-1816\" alt=\"GG_Hub_Bildsprache_170723_3\" srcset=\"https:\/\/hub.jungundbanse.de\/mosaic\/wp-content\/uploads\/sites\/10\/2023\/07\/GG_Hub_Bildsprache_170723_3-1024x576.webp 1024w, https:\/\/hub.jungundbanse.de\/mosaic\/wp-content\/uploads\/sites\/10\/2023\/07\/GG_Hub_Bildsprache_170723_3-300x169.webp 300w, https:\/\/hub.jungundbanse.de\/mosaic\/wp-content\/uploads\/sites\/10\/2023\/07\/GG_Hub_Bildsprache_170723_3-768x432.webp 768w, https:\/\/hub.jungundbanse.de\/mosaic\/wp-content\/uploads\/sites\/10\/2023\/07\/GG_Hub_Bildsprache_170723_3-1536x864.webp 1536w, https:\/\/hub.jungundbanse.de\/mosaic\/wp-content\/uploads\/sites\/10\/2023\/07\/GG_Hub_Bildsprache_170723_3.webp 1920w\" sizes=\"(max-width: 1024px) 100vw, 1024px\" \/><\/figure>\n\n<div  class='spacer_wrap' style='visibility: hidden'><div class='wp-block-spacer inner-sm' style='height: calc(50px * 0.8)' aria-hidden='true'><\/div><div class='wp-block-spacer inner-md' style='height: calc(50px * 0.8)' aria-hidden='true'><\/div><div class='wp-block-spacer inner-lg' style='height: calc(50px * 1)' aria-hidden='true'><\/div><div class='wp-block-spacer inner-xl' style='height: calc(50px * 1)' aria-hidden='true'><\/div><\/div>\n\n\n<div class=\"wp-block-greyd-buttons alignleft\">\n<a  href=\"https:\/\/jungundbansede-my.sharepoint.com\/personal\/cb_jungundbanse_de\/_layouts\/15\/onedrive.aspx?id=%2Fpersonal%2Fcb%5Fjungundbanse%5Fde%2FDocuments%2F01%20Kunde%2F58%20Banse%20Objektverwaltung%2FClient%20Transfer%2F02%5FFotoshooting&amp;ga=1\" class=\"button is-style-prim gs_bHHrCp \">Zum Bildpool<\/a>\n<\/div>\n\n\n<div  class='spacer_wrap' style='visibility: hidden'><div class='wp-block-spacer inner-sm' style='height: calc(25px * 1)' aria-hidden='true'><\/div><div class='wp-block-spacer inner-md' style='height: calc(25px * 1)' aria-hidden='true'><\/div><div class='wp-block-spacer inner-lg' style='height: calc(25px * 0)' aria-hidden='true'><\/div><div class='wp-block-spacer inner-xl' style='height: calc(25px * 0)' aria-hidden='true'><\/div><\/div>\n\n<div  class='spacer_wrap' style='visibility: hidden'><div class='wp-block-spacer inner-sm' style='height: calc(100px * 0.8)' aria-hidden='true'><\/div><div class='wp-block-spacer inner-md' style='height: calc(100px * 0.8)' aria-hidden='true'><\/div><div class='wp-block-spacer inner-lg' style='height: calc(100px * 1)' aria-hidden='true'><\/div><div class='wp-block-spacer inner-xl' style='height: calc(100px * 1)' aria-hidden='true'><\/div><\/div>\n\n<div  class=\"row_wrap\">\n<div class=\"wp-block-columns is-not-stacked-on-mobile row_xxl\">\n<div class=\"wp-block-column col-6 col-sm-auto\">\n<div class=\"wp-block-greyd-buttons alignleft\">\n<a  href=\"https:\/\/hub.jungundbanse.de\/mosaic\/design\/icons\/\" title=\"Icons\" class=\"link is-style-link-prim gs_yD8TNl \"><span class=\"arrow_left\" style=\"vertical-align:middle;font-size:100%;margin-right:10px\" aria-hidden=\"true\"><\/span><span style=\"flex:1\">Icons<\/span><\/a>\n<\/div>\n<\/div>\n\n\n\n<div class=\"wp-block-column col-6 col-sm-auto\">\n<div class=\"wp-block-greyd-buttons alignright\">\n<a  href=\"https:\/\/hub.jungundbanse.de\/mosaic\/design\/layoutprinzip\/\" title=\"Layoutprinzip\" class=\"link is-style-link-prim gs_ZgapnH \"><span style=\"flex:1\">Layoutprinzip<\/span><span class=\"arrow_right\" style=\"vertical-align:middle;font-size:100%;margin-left:10px\" aria-hidden=\"true\"><\/span><\/a>\n<\/div>\n<\/div>\n<\/div>\n<\/div><\/div>\n<\/div>\n<\/div>","protected":false},"excerpt":{"rendered":"<p>Design Bildsprache Wenn Bilder richtig verwendet werden, k\u00f6nnen sie die Bindung zwischen der Zielgruppe und der Marke vertiefen, denn sie kommunizieren die Markenwerte auf k\u00fcrzestem Weg. Bei MOSAIC legen wir gro\u00dfen Wert auf eine authentische Bildwelt, die die Leichtigkeit unserer Softwarel\u00f6sung kommuniziert. Empfohlene Bilderdatenbanken Beispiel-Bildwelt: Gr\u00fcnanlagenpflege Beispiel-Bildwelt: Windkraft Beispiel-Bildwelt: Interne Unternehmensfotos<\/p>\n","protected":false},"author":1,"featured_media":0,"parent":764,"menu_order":5,"comment_status":"closed","ping_status":"closed","template":"","meta":{"_eb_attr":"","greyd_block_editor_preview":[],"footnotes":""},"yoast_head":"<!-- This site is optimized with the Yoast SEO plugin v21.5 - https:\/\/yoast.com\/wordpress\/plugins\/seo\/ -->\n<title>Bildsprache - MOSAIC Brand Hub<\/title>\n<meta name=\"robots\" content=\"noindex, follow, max-snippet:-1, max-image-preview:large, max-video-preview:-1\" \/>\n<meta property=\"og:locale\" content=\"de_DE\" \/>\n<meta property=\"og:type\" content=\"article\" \/>\n<meta property=\"og:title\" content=\"Bildsprache - MOSAIC Brand Hub\" \/>\n<meta property=\"og:description\" content=\"Design Bildsprache Wenn Bilder richtig verwendet werden, k\u00f6nnen sie die Bindung zwischen der Zielgruppe und der Marke vertiefen, denn sie kommunizieren die Markenwerte auf k\u00fcrzestem Weg. Bei MOSAIC legen wir gro\u00dfen Wert auf eine authentische Bildwelt, die die Leichtigkeit unserer Softwarel\u00f6sung kommuniziert. Empfohlene Bilderdatenbanken Beispiel-Bildwelt: Gr\u00fcnanlagenpflege Beispiel-Bildwelt: Windkraft Beispiel-Bildwelt: Interne Unternehmensfotos\" \/>\n<meta property=\"og:url\" content=\"https:\/\/hub.jungundbanse.de\/mosaic\/design\/bildsprache\/\" \/>\n<meta property=\"og:site_name\" content=\"MOSAIC Brand Hub\" \/>\n<meta property=\"article:modified_time\" content=\"2023-07-25T15:21:00+00:00\" \/>\n<meta name=\"twitter:card\" content=\"summary_large_image\" \/>\n<script type=\"application\/ld+json\" class=\"yoast-schema-graph\">{\"@context\":\"https:\/\/schema.org\",\"@graph\":[{\"@type\":\"WebPage\",\"@id\":\"https:\/\/hub.jungundbanse.de\/mosaic\/design\/bildsprache\/\",\"url\":\"https:\/\/hub.jungundbanse.de\/mosaic\/design\/bildsprache\/\",\"name\":\"Bildsprache - MOSAIC Brand Hub\",\"isPartOf\":{\"@id\":\"https:\/\/hub.jungundbanse.de\/mosaic\/#website\"},\"datePublished\":\"2023-01-20T11:18:45+00:00\",\"dateModified\":\"2023-07-25T15:21:00+00:00\",\"breadcrumb\":{\"@id\":\"https:\/\/hub.jungundbanse.de\/mosaic\/design\/bildsprache\/#breadcrumb\"},\"inLanguage\":\"de-DE\",\"potentialAction\":[{\"@type\":\"ReadAction\",\"target\":[\"https:\/\/hub.jungundbanse.de\/mosaic\/design\/bildsprache\/\"]}]},{\"@type\":\"BreadcrumbList\",\"@id\":\"https:\/\/hub.jungundbanse.de\/mosaic\/design\/bildsprache\/#breadcrumb\",\"itemListElement\":[{\"@type\":\"ListItem\",\"position\":1,\"name\":\"Home\",\"item\":\"https:\/\/hub.jungundbanse.de\/mosaic\/\"},{\"@type\":\"ListItem\",\"position\":2,\"name\":\"Design\",\"item\":\"https:\/\/hub.jungundbanse.de\/mosaic\/design\/\"},{\"@type\":\"ListItem\",\"position\":3,\"name\":\"Bildsprache\"}]},{\"@type\":\"WebSite\",\"@id\":\"https:\/\/hub.jungundbanse.de\/mosaic\/#website\",\"url\":\"https:\/\/hub.jungundbanse.de\/mosaic\/\",\"name\":\"MOSAIC Brand Hub\",\"description\":\"Effizientes Markenmanagement-Tool\",\"publisher\":{\"@id\":\"https:\/\/hub.jungundbanse.de\/mosaic\/#organization\"},\"potentialAction\":[{\"@type\":\"SearchAction\",\"target\":{\"@type\":\"EntryPoint\",\"urlTemplate\":\"https:\/\/hub.jungundbanse.de\/mosaic\/?s={search_term_string}\"},\"query-input\":\"required name=search_term_string\"}],\"inLanguage\":\"de-DE\"},{\"@type\":\"Organization\",\"@id\":\"https:\/\/hub.jungundbanse.de\/mosaic\/#organization\",\"name\":\"MOSAIC Brand Hub\",\"url\":\"https:\/\/hub.jungundbanse.de\/mosaic\/\",\"logo\":{\"@type\":\"ImageObject\",\"inLanguage\":\"de-DE\",\"@id\":\"https:\/\/hub.jungundbanse.de\/mosaic\/#\/schema\/logo\/image\/\",\"url\":\"https:\/\/hub.jungundbanse.de\/mosaic\/wp-content\/uploads\/sites\/10\/2023\/06\/GG_MOSAIC_hellblau.svg\",\"contentUrl\":\"https:\/\/hub.jungundbanse.de\/mosaic\/wp-content\/uploads\/sites\/10\/2023\/06\/GG_MOSAIC_hellblau.svg\",\"caption\":\"MOSAIC Brand Hub\"},\"image\":{\"@id\":\"https:\/\/hub.jungundbanse.de\/mosaic\/#\/schema\/logo\/image\/\"}}]}<\/script>\n<!-- \/ Yoast SEO plugin. -->","yoast_head_json":{"title":"Bildsprache - MOSAIC Brand Hub","robots":{"index":"noindex","follow":"follow","max-snippet":"max-snippet:-1","max-image-preview":"max-image-preview:large","max-video-preview":"max-video-preview:-1"},"og_locale":"de_DE","og_type":"article","og_title":"Bildsprache - MOSAIC Brand Hub","og_description":"Design Bildsprache Wenn Bilder richtig verwendet werden, k\u00f6nnen sie die Bindung zwischen der Zielgruppe und der Marke vertiefen, denn sie kommunizieren die Markenwerte auf k\u00fcrzestem Weg. Bei MOSAIC legen wir gro\u00dfen Wert auf eine authentische Bildwelt, die die Leichtigkeit unserer Softwarel\u00f6sung kommuniziert. Empfohlene Bilderdatenbanken Beispiel-Bildwelt: Gr\u00fcnanlagenpflege Beispiel-Bildwelt: Windkraft Beispiel-Bildwelt: Interne Unternehmensfotos","og_url":"https:\/\/hub.jungundbanse.de\/mosaic\/design\/bildsprache\/","og_site_name":"MOSAIC Brand Hub","article_modified_time":"2023-07-25T15:21:00+00:00","twitter_card":"summary_large_image","schema":{"@context":"https:\/\/schema.org","@graph":[{"@type":"WebPage","@id":"https:\/\/hub.jungundbanse.de\/mosaic\/design\/bildsprache\/","url":"https:\/\/hub.jungundbanse.de\/mosaic\/design\/bildsprache\/","name":"Bildsprache - MOSAIC Brand Hub","isPartOf":{"@id":"https:\/\/hub.jungundbanse.de\/mosaic\/#website"},"datePublished":"2023-01-20T11:18:45+00:00","dateModified":"2023-07-25T15:21:00+00:00","breadcrumb":{"@id":"https:\/\/hub.jungundbanse.de\/mosaic\/design\/bildsprache\/#breadcrumb"},"inLanguage":"de-DE","potentialAction":[{"@type":"ReadAction","target":["https:\/\/hub.jungundbanse.de\/mosaic\/design\/bildsprache\/"]}]},{"@type":"BreadcrumbList","@id":"https:\/\/hub.jungundbanse.de\/mosaic\/design\/bildsprache\/#breadcrumb","itemListElement":[{"@type":"ListItem","position":1,"name":"Home","item":"https:\/\/hub.jungundbanse.de\/mosaic\/"},{"@type":"ListItem","position":2,"name":"Design","item":"https:\/\/hub.jungundbanse.de\/mosaic\/design\/"},{"@type":"ListItem","position":3,"name":"Bildsprache"}]},{"@type":"WebSite","@id":"https:\/\/hub.jungundbanse.de\/mosaic\/#website","url":"https:\/\/hub.jungundbanse.de\/mosaic\/","name":"MOSAIC Brand Hub","description":"Effizientes Markenmanagement-Tool","publisher":{"@id":"https:\/\/hub.jungundbanse.de\/mosaic\/#organization"},"potentialAction":[{"@type":"SearchAction","target":{"@type":"EntryPoint","urlTemplate":"https:\/\/hub.jungundbanse.de\/mosaic\/?s={search_term_string}"},"query-input":"required name=search_term_string"}],"inLanguage":"de-DE"},{"@type":"Organization","@id":"https:\/\/hub.jungundbanse.de\/mosaic\/#organization","name":"MOSAIC Brand Hub","url":"https:\/\/hub.jungundbanse.de\/mosaic\/","logo":{"@type":"ImageObject","inLanguage":"de-DE","@id":"https:\/\/hub.jungundbanse.de\/mosaic\/#\/schema\/logo\/image\/","url":"https:\/\/hub.jungundbanse.de\/mosaic\/wp-content\/uploads\/sites\/10\/2023\/06\/GG_MOSAIC_hellblau.svg","contentUrl":"https:\/\/hub.jungundbanse.de\/mosaic\/wp-content\/uploads\/sites\/10\/2023\/06\/GG_MOSAIC_hellblau.svg","caption":"MOSAIC Brand Hub"},"image":{"@id":"https:\/\/hub.jungundbanse.de\/mosaic\/#\/schema\/logo\/image\/"}}]}},"_links":{"self":[{"href":"https:\/\/hub.jungundbanse.de\/mosaic\/wp-json\/wp\/v2\/pages\/822"}],"collection":[{"href":"https:\/\/hub.jungundbanse.de\/mosaic\/wp-json\/wp\/v2\/pages"}],"about":[{"href":"https:\/\/hub.jungundbanse.de\/mosaic\/wp-json\/wp\/v2\/types\/page"}],"author":[{"embeddable":true,"href":"https:\/\/hub.jungundbanse.de\/mosaic\/wp-json\/wp\/v2\/users\/1"}],"replies":[{"embeddable":true,"href":"https:\/\/hub.jungundbanse.de\/mosaic\/wp-json\/wp\/v2\/comments?post=822"}],"version-history":[{"count":23,"href":"https:\/\/hub.jungundbanse.de\/mosaic\/wp-json\/wp\/v2\/pages\/822\/revisions"}],"predecessor-version":[{"id":2082,"href":"https:\/\/hub.jungundbanse.de\/mosaic\/wp-json\/wp\/v2\/pages\/822\/revisions\/2082"}],"up":[{"embeddable":true,"href":"https:\/\/hub.jungundbanse.de\/mosaic\/wp-json\/wp\/v2\/pages\/764"}],"wp:attachment":[{"href":"https:\/\/hub.jungundbanse.de\/mosaic\/wp-json\/wp\/v2\/media?parent=822"}],"curies":[{"name":"wp","href":"https:\/\/api.w.org\/{rel}","templated":true}]}}