{"id":770,"date":"2023-01-11T12:40:27","date_gmt":"2023-01-11T12:40:27","guid":{"rendered":"https:\/\/hub.jungundbanse.de\/mosaic\/?page_id=770"},"modified":"2023-07-04T14:55:49","modified_gmt":"2023-07-04T12:55:49","slug":"marken-check","status":"publish","type":"page","link":"https:\/\/hub.jungundbanse.de\/mosaic\/marken-check\/","title":{"rendered":"Marken-Check"},"content":{"rendered":"<div  class=\"gs_Qj3Ucj row_wrap has-background\"><div id='bg_69e73a73a0ab6' class='greyd-background bg_full'>\n\t\t\t\t\t\t\t\t<div class='bg_color'><\/div>\n\t\t\t\t\t\t\t\t\n\t\t\t\t\t\t\t\t\n\t\t\t\t\t\t\t\t\n\t\t\t\t\t\t\t<\/div>\n<div class=\"wp-block-columns row_xxl has-color-31-background-color has-background\">\n<div class=\"wp-block-column col-12 col-sm-auto\">\n<p class=\"has-text-align-center has-color-22-color has-text-color has-h-1-font-size\">Marken-Check<\/p>\n<\/div>\n<\/div>\n<\/div>\n\n<div  class=\"row_wrap\">\n<div class=\"wp-block-columns row_xxl\">\n<div class=\"wp-block-column col-12\"><div  class='spacer_wrap' style='visibility: hidden'><div class='wp-block-spacer inner-sm' style='height: calc(70px * 0.8)' aria-hidden='true'><\/div><div class='wp-block-spacer inner-md' style='height: calc(70px * 0.6)' aria-hidden='true'><\/div><div class='wp-block-spacer inner-lg' style='height: calc(70px * 0.8)' aria-hidden='true'><\/div><div class='wp-block-spacer inner-xl' style='height: calc(70px * 1)' aria-hidden='true'><\/div><\/div>\n\n\n<h2 class=\"has-text-align-center wp-block-heading\">Better safe than sorry.<\/h2>\n\n\n\n<p class=\"has-text-align-center gs_EAcKuT\">Um das Formular auszuf\u00fcllen, geben Sie bitte die geforderten Informationen m\u00f6glichst genau ein und laden Sie eine Datei mit Ihrem Design hoch. Bitte stellen Sie sicher, dass die Datei im JPEG-, PNG- oder PDF-Format vorliegt und nicht gr\u00f6\u00dfer als 20 MB ist. Das Expertenteam wird Ihr Design anschlie\u00dfend \u00fcberpr\u00fcfen und innerhalb von 1-2 Werktagen Feedback geben. Das Feedback umfasst eine detaillierte Bewertung des Designs hinsichtlich der gestalterischen, funktionalen und markenspezifischen Aspekte sowie konstruktive Vorschl\u00e4ge zur Verbesserung.<\/p>\n\n\n<div  class='spacer_wrap' style='visibility: hidden'><div class='wp-block-spacer inner-sm' style='height: calc(100px * 0.4)' aria-hidden='true'><\/div><div class='wp-block-spacer inner-md' style='height: calc(100px * 0.6)' aria-hidden='true'><\/div><div class='wp-block-spacer inner-lg' style='height: calc(100px * 0.8)' aria-hidden='true'><\/div><div class='wp-block-spacer inner-xl' style='height: calc(100px * 1)' aria-hidden='true'><\/div><\/div>\n\n<div class='forms_wrapper'><a href='#after-greyd-form-1' class='greyd_skip_link'>Formular \u00fcberspringen<\/a><form\n\t\t\tclass='greyd_form \u201eMarken-Check\u201c requirement-style__both' name='form_893' id='greyd-form-1'\n\t\t\tdata-id='893' data-form-mode='normal' data-title='Marken-Check' data-nonce='28397f0f3f' data-send='enable'\n\t\t\tmethod='POST' enctype='multipart\/form-data'\n\t\t><div  class=\"row_wrap\">\n<div class=\"wp-block-columns row_xxl\">\n<div class=\"wp-block-column col-12 col-sm-auto col-lg-auto\">\n<div class=\"input-outer-wrapper\"><div class=\"input-wrapper gs_hvRNT7\"><div class=\"label_wrap\"><label class=\"label\"><span>Datei hochladen<\/span><span class=\"requirement-optional\"> (optional)<\/span><\/label><span class=\"forms-tooltip\"><span class=\"forms-tooltip-toggle\"><\/span><span class=\"forms-tooltip-popup\" id=\"tt-upload_feld___id69e73a73a16f9\">W\u00e4hlen Sie die Datei mit maximal 20 MB aus.<\/span><\/span><\/div><input type=\"file\" class=\"custom-file-upload\" accept=\"\" name=\"upload_feld\" aria-describedby=\"tt-upload_feld___id69e73a73a16f9\" id=\"upload_feld___id69e73a73a16f9\" data-max=\"none\" data-required=\"optional\"\/><label for=\"upload_feld___id69e73a73a16f9\" data-text=\"Von Computer hochladen\"><div class=\"input is-style-prim\"><span class=\"icon_upload\" style=\"vertical-align:middle;font-size:100%;margin-right:10px\" aria-hidden=\"true\"><\/span><span style=\"flex:1\">Von Computer hochladen<\/span><\/div><\/label><\/div><\/div>\n<\/div>\n\n\n\n<div class=\"wp-block-column col-12 col-sm-auto col-lg-auto\">\n<div class=\"input-outer-wrapper\"><div class=\"input-wrapper gs_ppJjPq\"><div class=\"label_wrap\"><label class=\"label\" for=\"medium___id69e73a73a16f9\"><span>Worum handelt es sich?<\/span><span class=\"requirement-required\"> *<\/span><\/label><\/div><div class=\"input-inner-wrapper\"><input class=\"input validation is-style-checkbox\" type=\"text\" name=\"medium\" id=\"medium___id69e73a73a16f9\" placeholder=\"z. B. \u201eRollup\u201c\" autocomplete=\"on\" required data-required=\"required\" title=\"Bitte f\u00fclle dieses Feld aus\" rows=\"\"\/><span class=\"input-field-icon\"><\/span><\/div><\/div><\/div>\n\n\n\n<div class=\"input-outer-wrapper\"><div class=\"input-wrapper gs_ZO7aUd\"><div class=\"label_wrap\"><label class=\"label\" for=\"download_link___id69e73a73a16f9\"><span>Datei download<\/span><span class=\"requirement-optional\"> (optional)<\/span><\/label><span class=\"forms-tooltip\"><span class=\"forms-tooltip-toggle\"><\/span><span class=\"forms-tooltip-popup\" id=\"tt-download_link___id69e73a73a16f9\">Falls die Datei f\u00fcr das Upload-Feld zu gro\u00df ist, kannst du deine Datei z. B. \u00fcber WeTransfer hochladen.<\/span><\/span><\/div><div class=\"input-inner-wrapper\"><input class=\"input validation is-style-checkbox\" type=\"text\" name=\"download_link\" id=\"download_link___id69e73a73a16f9\" aria-describedby=\"tt-download_link___id69e73a73a16f9\" placeholder=\"Download-Link\" autocomplete=\"on\" data-required=\"optional\" title=\"Bitte f\u00fclle dieses Feld aus\" rows=\"\"\/><span class=\"input-field-icon\"><\/span><\/div><\/div><\/div>\n\n\n\n<div class=\"input-outer-wrapper\"><div class=\"input-wrapper gs_eg3Pzv\"><div class=\"label_wrap\"><label class=\"label\" for=\"nachricht___id69e73a73a16f9\"><span>Nachricht<\/span><span class=\"requirement-optional\"> (optional)<\/span><\/label><\/div><div class=\"input-inner-wrapper\"><textarea class=\"input validation is-style-checkbox\" type=\"text\" name=\"nachricht\" id=\"nachricht___id69e73a73a16f9\" placeholder=\"z. B. \u201eWir sind uns mit dem Design unsicher. W\u00fcrdet ihr etwas anders machen?\u201c\" autocomplete=\"on\" data-required=\"optional\" title=\"Bitte f\u00fclle dieses Feld aus\" rows=\"5\"><\/textarea><span class=\"input-field-icon\"><\/span><\/div><\/div><\/div>\n\n\n\n<div class=\"input-outer-wrapper\"><div class=\"input-wrapper gs_sb5fjQ\"><div class=\"label_wrap\"><label class=\"label\" for=\"email___id69e73a73a16f9\"><span>An welche Email soll geantwortet werden?<\/span><span class=\"requirement-required\"> *<\/span><\/label><span class=\"forms-tooltip\"><span class=\"forms-tooltip-toggle\"><\/span><span class=\"forms-tooltip-popup\" id=\"tt-email___id69e73a73a16f9\">Die E-Mail-Adresse sollte ein &#8216;@&#8217;-Zeichen und eine g\u00fcltige Domain mit einem Punkt enthalten.<\/span><\/span><\/div><div class=\"input-inner-wrapper\"><input class=\"input validation is-style-checkbox\" type=\"email\" name=\"email\" id=\"email___id69e73a73a16f9\" aria-describedby=\"tt-email___id69e73a73a16f9\" placeholder=\"max@mustermann.de\" autocomplete=\"on\" pattern=\"\\w+([\\-+\\.]\\w+)*@\\w+([\\-\\.]\\w+)*.\\w+([\\-\\.]\\w+)*\" required data-required=\"required\" title=\"Bitte f\u00fclle dieses Feld aus\" rows=\"\"\/><span class=\"input-field-icon\"><\/span><\/div><\/div><\/div>\n\n\n\n<div class=\"wp-block-greyd-forms-checkbox input-wrapper gs_pVDFEB is-style-checkbox\"><label class=\"label checkbox-label\" for=\"datenschutz___id69e73a73a16f9\"><input class=\"checkbox_placeholder_value\" type=\"hidden\" name=\"datenschutz\" value=\"false\"\/><input type=\"checkbox\" id=\"datenschutz___id69e73a73a16f9\" name=\"datenschutz\" value=\"true\" required data-required=\"required\" title=\"please confirm the checkbox\"\/><div><span>Sie erkl\u00e4ren sich damit einverstanden, dass Ihre Daten zur Bearbeitung Ihrer Anfrage verwendet werden. Weitere Informationen zum Widerruf finden Sie in der Datenschutzrichtlinie.<\/span><span class=\"requirement-required\"> *<\/span><\/div><\/label><\/div>\n\n\n\n<div class=\"input-outer-wrapper input-wrapper\"><button class=\"submitbutton button gs_mMmIeo is-style-checkbox \" type=\"submit\" name=\"submit\" title=\"submit\" data-text=\"Jetzt checken lassen\"><span class=\"greyd_upload_progress\"><span class=\"spinner\"><span class=\"dot-loader\"><\/span><span class=\"dot-loader dot-loader--2\"><\/span><span class=\"dot-loader dot-loader--3\"><\/span><\/span><span class=\"bar\"><\/span><\/span><span style=\"flex:1\">Jetzt checken lassen<\/span><\/button><\/div>\n<\/div>\n<\/div>\n<\/div><\/form><div class='after-message animate_fast'><div class='message'><\/div><\/div><div id='after-greyd-form-1' class='greyd_skip_target'>Formular \u00fcbersprungen<\/div><\/div>\n\n<div  class='spacer_wrap' style='visibility: hidden'><div class='wp-block-spacer inner-sm' style='height: calc(40px * 0.8)' aria-hidden='true'><\/div><div class='wp-block-spacer inner-md' style='height: calc(40px * 0.6)' aria-hidden='true'><\/div><div class='wp-block-spacer inner-lg' style='height: calc(40px * 0.8)' aria-hidden='true'><\/div><div class='wp-block-spacer inner-xl' style='height: calc(40px * 1)' aria-hidden='true'><\/div><\/div><\/div>\n<\/div>\n<\/div>","protected":false},"excerpt":{"rendered":"<p>Marken-Check Better safe than sorry. Um das Formular auszuf\u00fcllen, geben Sie bitte die geforderten Informationen m\u00f6glichst genau ein und laden Sie eine Datei mit Ihrem Design hoch. Bitte stellen Sie sicher, dass die Datei im JPEG-, PNG- oder PDF-Format vorliegt und nicht gr\u00f6\u00dfer als 20 MB ist. Das Expertenteam wird Ihr Design anschlie\u00dfend \u00fcberpr\u00fcfen und [&hellip;]<\/p>\n","protected":false},"author":1,"featured_media":0,"parent":0,"menu_order":5,"comment_status":"closed","ping_status":"closed","template":"","meta":{"_eb_attr":"","greyd_block_editor_preview":[],"footnotes":""},"yoast_head":"<!-- This site is optimized with the Yoast SEO plugin v21.5 - https:\/\/yoast.com\/wordpress\/plugins\/seo\/ -->\n<title>Marken-Check - MOSAIC Brand Hub<\/title>\n<meta name=\"robots\" content=\"noindex, follow, max-snippet:-1, max-image-preview:large, max-video-preview:-1\" \/>\n<meta property=\"og:locale\" content=\"de_DE\" \/>\n<meta property=\"og:type\" content=\"article\" \/>\n<meta property=\"og:title\" content=\"Marken-Check - MOSAIC Brand Hub\" \/>\n<meta property=\"og:description\" content=\"Marken-Check Better safe than sorry. Um das Formular auszuf\u00fcllen, geben Sie bitte die geforderten Informationen m\u00f6glichst genau ein und laden Sie eine Datei mit Ihrem Design hoch. Bitte stellen Sie sicher, dass die Datei im JPEG-, PNG- oder PDF-Format vorliegt und nicht gr\u00f6\u00dfer als 20 MB ist. Das Expertenteam wird Ihr Design anschlie\u00dfend \u00fcberpr\u00fcfen und [&hellip;]\" \/>\n<meta property=\"og:url\" content=\"https:\/\/hub.jungundbanse.de\/mosaic\/marken-check\/\" \/>\n<meta property=\"og:site_name\" content=\"MOSAIC Brand Hub\" \/>\n<meta property=\"article:modified_time\" content=\"2023-07-04T12:55:49+00:00\" \/>\n<meta name=\"twitter:card\" content=\"summary_large_image\" \/>\n<script type=\"application\/ld+json\" class=\"yoast-schema-graph\">{\"@context\":\"https:\/\/schema.org\",\"@graph\":[{\"@type\":\"WebPage\",\"@id\":\"https:\/\/hub.jungundbanse.de\/mosaic\/marken-check\/\",\"url\":\"https:\/\/hub.jungundbanse.de\/mosaic\/marken-check\/\",\"name\":\"Marken-Check - MOSAIC Brand Hub\",\"isPartOf\":{\"@id\":\"https:\/\/hub.jungundbanse.de\/mosaic\/#website\"},\"datePublished\":\"2023-01-11T12:40:27+00:00\",\"dateModified\":\"2023-07-04T12:55:49+00:00\",\"breadcrumb\":{\"@id\":\"https:\/\/hub.jungundbanse.de\/mosaic\/marken-check\/#breadcrumb\"},\"inLanguage\":\"de-DE\",\"potentialAction\":[{\"@type\":\"ReadAction\",\"target\":[\"https:\/\/hub.jungundbanse.de\/mosaic\/marken-check\/\"]}]},{\"@type\":\"BreadcrumbList\",\"@id\":\"https:\/\/hub.jungundbanse.de\/mosaic\/marken-check\/#breadcrumb\",\"itemListElement\":[{\"@type\":\"ListItem\",\"position\":1,\"name\":\"Home\",\"item\":\"https:\/\/hub.jungundbanse.de\/mosaic\/\"},{\"@type\":\"ListItem\",\"position\":2,\"name\":\"Marken-Check\"}]},{\"@type\":\"WebSite\",\"@id\":\"https:\/\/hub.jungundbanse.de\/mosaic\/#website\",\"url\":\"https:\/\/hub.jungundbanse.de\/mosaic\/\",\"name\":\"MOSAIC Brand Hub\",\"description\":\"Effizientes Markenmanagement-Tool\",\"publisher\":{\"@id\":\"https:\/\/hub.jungundbanse.de\/mosaic\/#organization\"},\"potentialAction\":[{\"@type\":\"SearchAction\",\"target\":{\"@type\":\"EntryPoint\",\"urlTemplate\":\"https:\/\/hub.jungundbanse.de\/mosaic\/?s={search_term_string}\"},\"query-input\":\"required name=search_term_string\"}],\"inLanguage\":\"de-DE\"},{\"@type\":\"Organization\",\"@id\":\"https:\/\/hub.jungundbanse.de\/mosaic\/#organization\",\"name\":\"MOSAIC Brand Hub\",\"url\":\"https:\/\/hub.jungundbanse.de\/mosaic\/\",\"logo\":{\"@type\":\"ImageObject\",\"inLanguage\":\"de-DE\",\"@id\":\"https:\/\/hub.jungundbanse.de\/mosaic\/#\/schema\/logo\/image\/\",\"url\":\"https:\/\/hub.jungundbanse.de\/mosaic\/wp-content\/uploads\/sites\/10\/2023\/06\/GG_MOSAIC_hellblau.svg\",\"contentUrl\":\"https:\/\/hub.jungundbanse.de\/mosaic\/wp-content\/uploads\/sites\/10\/2023\/06\/GG_MOSAIC_hellblau.svg\",\"caption\":\"MOSAIC Brand Hub\"},\"image\":{\"@id\":\"https:\/\/hub.jungundbanse.de\/mosaic\/#\/schema\/logo\/image\/\"}}]}<\/script>\n<!-- \/ Yoast SEO plugin. -->","yoast_head_json":{"title":"Marken-Check - MOSAIC Brand Hub","robots":{"index":"noindex","follow":"follow","max-snippet":"max-snippet:-1","max-image-preview":"max-image-preview:large","max-video-preview":"max-video-preview:-1"},"og_locale":"de_DE","og_type":"article","og_title":"Marken-Check - MOSAIC Brand Hub","og_description":"Marken-Check Better safe than sorry. Um das Formular auszuf\u00fcllen, geben Sie bitte die geforderten Informationen m\u00f6glichst genau ein und laden Sie eine Datei mit Ihrem Design hoch. Bitte stellen Sie sicher, dass die Datei im JPEG-, PNG- oder PDF-Format vorliegt und nicht gr\u00f6\u00dfer als 20 MB ist. Das Expertenteam wird Ihr Design anschlie\u00dfend \u00fcberpr\u00fcfen und [&hellip;]","og_url":"https:\/\/hub.jungundbanse.de\/mosaic\/marken-check\/","og_site_name":"MOSAIC Brand Hub","article_modified_time":"2023-07-04T12:55:49+00:00","twitter_card":"summary_large_image","schema":{"@context":"https:\/\/schema.org","@graph":[{"@type":"WebPage","@id":"https:\/\/hub.jungundbanse.de\/mosaic\/marken-check\/","url":"https:\/\/hub.jungundbanse.de\/mosaic\/marken-check\/","name":"Marken-Check - MOSAIC Brand Hub","isPartOf":{"@id":"https:\/\/hub.jungundbanse.de\/mosaic\/#website"},"datePublished":"2023-01-11T12:40:27+00:00","dateModified":"2023-07-04T12:55:49+00:00","breadcrumb":{"@id":"https:\/\/hub.jungundbanse.de\/mosaic\/marken-check\/#breadcrumb"},"inLanguage":"de-DE","potentialAction":[{"@type":"ReadAction","target":["https:\/\/hub.jungundbanse.de\/mosaic\/marken-check\/"]}]},{"@type":"BreadcrumbList","@id":"https:\/\/hub.jungundbanse.de\/mosaic\/marken-check\/#breadcrumb","itemListElement":[{"@type":"ListItem","position":1,"name":"Home","item":"https:\/\/hub.jungundbanse.de\/mosaic\/"},{"@type":"ListItem","position":2,"name":"Marken-Check"}]},{"@type":"WebSite","@id":"https:\/\/hub.jungundbanse.de\/mosaic\/#website","url":"https:\/\/hub.jungundbanse.de\/mosaic\/","name":"MOSAIC Brand Hub","description":"Effizientes Markenmanagement-Tool","publisher":{"@id":"https:\/\/hub.jungundbanse.de\/mosaic\/#organization"},"potentialAction":[{"@type":"SearchAction","target":{"@type":"EntryPoint","urlTemplate":"https:\/\/hub.jungundbanse.de\/mosaic\/?s={search_term_string}"},"query-input":"required name=search_term_string"}],"inLanguage":"de-DE"},{"@type":"Organization","@id":"https:\/\/hub.jungundbanse.de\/mosaic\/#organization","name":"MOSAIC Brand Hub","url":"https:\/\/hub.jungundbanse.de\/mosaic\/","logo":{"@type":"ImageObject","inLanguage":"de-DE","@id":"https:\/\/hub.jungundbanse.de\/mosaic\/#\/schema\/logo\/image\/","url":"https:\/\/hub.jungundbanse.de\/mosaic\/wp-content\/uploads\/sites\/10\/2023\/06\/GG_MOSAIC_hellblau.svg","contentUrl":"https:\/\/hub.jungundbanse.de\/mosaic\/wp-content\/uploads\/sites\/10\/2023\/06\/GG_MOSAIC_hellblau.svg","caption":"MOSAIC Brand Hub"},"image":{"@id":"https:\/\/hub.jungundbanse.de\/mosaic\/#\/schema\/logo\/image\/"}}]}},"_links":{"self":[{"href":"https:\/\/hub.jungundbanse.de\/mosaic\/wp-json\/wp\/v2\/pages\/770"}],"collection":[{"href":"https:\/\/hub.jungundbanse.de\/mosaic\/wp-json\/wp\/v2\/pages"}],"about":[{"href":"https:\/\/hub.jungundbanse.de\/mosaic\/wp-json\/wp\/v2\/types\/page"}],"author":[{"embeddable":true,"href":"https:\/\/hub.jungundbanse.de\/mosaic\/wp-json\/wp\/v2\/users\/1"}],"replies":[{"embeddable":true,"href":"https:\/\/hub.jungundbanse.de\/mosaic\/wp-json\/wp\/v2\/comments?post=770"}],"version-history":[{"count":2,"href":"https:\/\/hub.jungundbanse.de\/mosaic\/wp-json\/wp\/v2\/pages\/770\/revisions"}],"predecessor-version":[{"id":1672,"href":"https:\/\/hub.jungundbanse.de\/mosaic\/wp-json\/wp\/v2\/pages\/770\/revisions\/1672"}],"wp:attachment":[{"href":"https:\/\/hub.jungundbanse.de\/mosaic\/wp-json\/wp\/v2\/media?parent=770"}],"curies":[{"name":"wp","href":"https:\/\/api.w.org\/{rel}","templated":true}]}}