{"id":694,"date":"2023-01-06T09:52:59","date_gmt":"2023-01-06T09:52:59","guid":{"rendered":"https:\/\/hub.jungundbanse.de\/mosaic\/?page_id=694"},"modified":"2023-07-25T17:48:25","modified_gmt":"2023-07-25T15:48:25","slug":"markenkernwerte","status":"publish","type":"page","link":"https:\/\/hub.jungundbanse.de\/mosaic\/markenstrategie\/markenkernwerte\/","title":{"rendered":"Markenkernwerte"},"content":{"rendered":"<div  class=\"gs_Qj3Ucj row_wrap has-background\"><div id='bg_69e73aa7783ad' class='greyd-background bg_full'>\n\t\t\t\t\t\t\t\t<div class='bg_color'><\/div>\n\t\t\t\t\t\t\t\t\n\t\t\t\t\t\t\t\t\n\t\t\t\t\t\t\t\t\n\t\t\t\t\t\t\t<\/div>\n<div class=\"wp-block-columns row_xxl has-color-31-background-color has-background\">\n<div class=\"wp-block-column col-12 col-sm-auto\">\n<p class=\"has-text-align-center has-color-22-color has-text-color has-h-1-font-size\">Marken\u00adstrategie<\/p>\n<\/div>\n<\/div>\n<\/div>\n\n<div  class=\"gs_lG7FQo row_wrap\">\n<div class=\"wp-block-columns are-vertically-aligned-top row_xxl\">\n<div class=\"wp-block-column is-vertically-aligned-top hidden-xs col-12 col-sm-auto col-lg-3\" style=\"padding-bottom:var(--wp--preset--spacing--80);flex-basis:33.33%\">\n<div class=\"wp-block-senff-sticky-block\" data-topspace=\"90\" data-cfa=\"true\" data-minwidth=\"0\" data-maxwidth=\"99999\" data-pushup=\"\" data-zindex=\"1\">\n<style class=\"greyd-styles\">.gs_26ylLf, .gs_26ylLf .menu-item { flex-direction: column !important; --gap: 18px !important; } <\/style>\n<div  class=\"block_menu_wrapper\"><div class=\"menu-markenstrategie-sidemenu-container\"><ul id=\"menu-markenstrategie-sidemenu\" class=\"menu gs_26ylLf\"><li id=\"menu-item-798\" class=\"menu-item menu-item-type-post_type menu-item-object-page menu-item-798\"><a href=\"https:\/\/hub.jungundbanse.de\/mosaic\/markenstrategie\/markenkernwerte\/\">Markenkernwerte<\/a><\/li>\n<li id=\"menu-item-1699\" class=\"menu-item menu-item-type-post_type menu-item-object-page menu-item-1699\"><a href=\"https:\/\/hub.jungundbanse.de\/mosaic\/markenstrategie\/ein-wort-wert\/\">Ein-Wort-Wert<\/a><\/li>\n<li id=\"menu-item-1700\" class=\"menu-item menu-item-type-post_type menu-item-object-page menu-item-1700\"><a href=\"https:\/\/hub.jungundbanse.de\/mosaic\/markenstrategie\/positionierung\/\">Nr. 1 Positionierung<\/a><\/li>\n<li id=\"menu-item-1073\" class=\"menu-item menu-item-type-post_type menu-item-object-page menu-item-1073\"><a href=\"https:\/\/hub.jungundbanse.de\/mosaic\/markenstrategie\/brandstory\/\">Brandstory<\/a><\/li>\n<\/ul><\/div><\/div><\/div>\n<\/div>\n\n\n\n<div class=\"wp-block-column is-vertically-aligned-top col-12 col-sm-auto\" style=\"flex-basis:66.66%;width:66.66%\">\n<h2 class=\"has-h-2-font-size wp-block-heading\">Markenkernwerte<\/h2>\n\n\n\n<p>Unsere sind ein wichtiges Element, da sie die Identit\u00e4t unserer Marke formen. Es sind die \u00dcberzeugungen, f\u00fcr die unser Unternehmen steht. Sie dienen als Kompass, der unser Handeln, unser Verhalten und unseren Entscheidungsprozess leitet.<\/p>\n\n\n<div  class='spacer_wrap' style='visibility: hidden'><div class='wp-block-spacer inner-sm' style='height: calc(20px * 0.4)' aria-hidden='true'><\/div><div class='wp-block-spacer inner-md' style='height: calc(20px * 0.6)' aria-hidden='true'><\/div><div class='wp-block-spacer inner-lg' style='height: calc(20px * 0.8)' aria-hidden='true'><\/div><div class='wp-block-spacer inner-xl' style='height: calc(20px * 1)' aria-hidden='true'><\/div><\/div>\n\n<figure class=\"wp-block-image greyd-image   gs_pBsgLi\"><img loading=\"lazy\" decoding=\"async\" width=\"1024\" height=\"390\" src=\"https:\/\/hub.jungundbanse.de\/mosaic\/wp-content\/uploads\/sites\/10\/2023\/07\/GG_Werte-1024x390.png\" class=\"wp-image-1892\" alt=\"GG_Werte\" srcset=\"https:\/\/hub.jungundbanse.de\/mosaic\/wp-content\/uploads\/sites\/10\/2023\/07\/GG_Werte-1024x390.png 1024w, https:\/\/hub.jungundbanse.de\/mosaic\/wp-content\/uploads\/sites\/10\/2023\/07\/GG_Werte-300x114.png 300w, https:\/\/hub.jungundbanse.de\/mosaic\/wp-content\/uploads\/sites\/10\/2023\/07\/GG_Werte-768x293.png 768w, https:\/\/hub.jungundbanse.de\/mosaic\/wp-content\/uploads\/sites\/10\/2023\/07\/GG_Werte.png 1536w\" sizes=\"(max-width: 1024px) 100vw, 1024px\" \/><\/figure>\n\n<div  class='spacer_wrap' style='visibility: hidden'><div class='wp-block-spacer inner-sm' style='height: calc(50px * 0.8)' aria-hidden='true'><\/div><div class='wp-block-spacer inner-md' style='height: calc(50px * 0.8)' aria-hidden='true'><\/div><div class='wp-block-spacer inner-lg' style='height: calc(50px * 0.8)' aria-hidden='true'><\/div><div class='wp-block-spacer inner-xl' style='height: calc(50px * 1)' aria-hidden='true'><\/div><\/div>\n\n\n<div id=\"excellence\" class=\"greyd-anchor-target\"><\/div>\n\n\n\n<h2 class=\"has-h-4-font-size wp-block-heading\">Chase (digital) excellence.<\/h2>\n\n\n\n<p>Wir streben danach, digitale Spitzenleistungen zu erreichen und in der digitalen Transformation f\u00fchrend zu sein. Es geht darum, unsere Pr\u00e4senz, Technologien, Prozesse und schlie\u00dflich unser Gesch\u00e4ftsmodell im Allgemeinen kontinuierlich zu verbessern, um den st\u00e4ndig wandelnden Anforderungen gerecht zu werden.<\/p>\n\n\n\n<hr style='  width: 100% !important;   'class=\"wp-block-separator has-text-color has-color-32-color has-alpha-channel-opacity has-color-32-background-color has-background\"\/>\n\n\n\n<div id=\"learn\" class=\"greyd-anchor-target\"><\/div>\n\n\n\n<h2 class=\"has-h-4-font-size wp-block-heading\">Learn fast keep growing.<\/h2>\n\n\n\n<p>Wir ermutigen uns, neue Ideen einzubringen, Mut zu haben und aus Fehlern zu lernen. Durch den Aufbau einer Innovationskultur schaffen wir ein Umfeld, in dem kreatives Denken und kontinuierliche Verbesserung gef\u00f6rdert wird.<\/p>\n\n\n\n<hr style='  width: 100% !important;   'class=\"wp-block-separator has-text-color has-color-32-color has-alpha-channel-opacity has-color-32-background-color has-background\"\/>\n\n\n\n<div id=\"friendly\" class=\"greyd-anchor-target\"><\/div>\n\n\n\n<h2 class=\"has-h-4-font-size wp-block-heading\">Make data people friendly.<\/h2>\n\n\n\n<p>Wir sind bestrebt, Daten f\u00fcr Menschen zug\u00e4nglich, verst\u00e4ndlich und nutzbar zu machen. Dabei steht einerseits die Bedienbarkeit im Fokus und andererseits geht es darum, Informationen aus Daten zu extrahieren und sie so zu pr\u00e4sentieren, dass sie f\u00fcr die Nutzer unserer Software leicht verst\u00e4ndlich und verwertbar sind.<\/p>\n\n\n\n<hr style='  width: 100% !important;   'class=\"wp-block-separator has-text-color has-color-32-color has-alpha-channel-opacity has-color-32-background-color has-background\"\/>\n\n\n\n<div id=\"open\" class=\"greyd-anchor-target\"><\/div>\n\n\n\n<h2 class=\"has-h-4-font-size wp-block-heading\">Keep an open mind and open arms.<\/h2>\n\n\n\n<p>Wir m\u00f6chten eine Unternehmenskultur schaffen, in der verschiedene Hintergr\u00fcnde, Perspektiven und F\u00e4higkeiten willkommen sind. Indem wir ein Umfeld schaffen, in dem sich jeder geh\u00f6rt und respektiert f\u00fchlt, k\u00f6nnen wir ein Team aufbauen, das kreativ, innovativ und leistungsstark ist.<\/p>\n\n\n\n<hr style='  width: 100% !important;   'class=\"wp-block-separator has-text-color has-color-32-color has-alpha-channel-opacity has-color-32-background-color has-background\"\/>\n\n\n<div  class='spacer_wrap' style='visibility: hidden'><div class='wp-block-spacer inner-sm' style='height: calc(100px * 0.8)' aria-hidden='true'><\/div><div class='wp-block-spacer inner-md' style='height: calc(100px * 0.8)' aria-hidden='true'><\/div><div class='wp-block-spacer inner-lg' style='height: calc(100px * 1)' aria-hidden='true'><\/div><div class='wp-block-spacer inner-xl' style='height: calc(100px * 1)' aria-hidden='true'><\/div><\/div>\n\n<div  class=\"row_wrap\">\n<div class=\"wp-block-columns row_xxl\">\n<div class=\"wp-block-column col-6 col-sm-auto\"><\/div>\n\n\n\n<div class=\"wp-block-column col-6 col-sm-auto\">\n<div class=\"wp-block-greyd-buttons alignright\">\n<a  href=\"https:\/\/hub.jungundbanse.de\/mosaic\/markenstrategie\/ein-wort-wert\/\" title=\"Ein-Wort-Wert\" class=\"link is-style-link-prim gs_B0dJG5 \"><span style=\"flex:1\">Ein-Wort-Wert<\/span><span class=\"arrow_right\" style=\"vertical-align:middle;font-size:100%;margin-left:10px\" aria-hidden=\"true\"><\/span><\/a>\n<\/div>\n<\/div>\n<\/div>\n<\/div><\/div>\n<\/div>\n<\/div>","protected":false},"excerpt":{"rendered":"<p>Marken\u00adstrategie Markenkernwerte Unsere sind ein wichtiges Element, da sie die Identit\u00e4t unserer Marke formen. Es sind die \u00dcberzeugungen, f\u00fcr die unser Unternehmen steht. Sie dienen als Kompass, der unser Handeln, unser Verhalten und unseren Entscheidungsprozess leitet. Chase (digital) excellence. Wir streben danach, digitale Spitzenleistungen zu erreichen und in der digitalen Transformation f\u00fchrend zu sein. Es [&hellip;]<\/p>\n","protected":false},"author":1,"featured_media":0,"parent":792,"menu_order":1,"comment_status":"closed","ping_status":"closed","template":"","meta":{"_eb_attr":"","greyd_block_editor_preview":[],"footnotes":""},"yoast_head":"<!-- This site is optimized with the Yoast SEO plugin v21.5 - https:\/\/yoast.com\/wordpress\/plugins\/seo\/ -->\n<title>Markenkernwerte - MOSAIC Brand Hub<\/title>\n<meta name=\"robots\" content=\"noindex, follow, max-snippet:-1, max-image-preview:large, max-video-preview:-1\" \/>\n<meta property=\"og:locale\" content=\"de_DE\" \/>\n<meta property=\"og:type\" content=\"article\" \/>\n<meta property=\"og:title\" content=\"Markenkernwerte - MOSAIC Brand Hub\" \/>\n<meta property=\"og:description\" content=\"Marken\u00adstrategie Markenkernwerte Unsere sind ein wichtiges Element, da sie die Identit\u00e4t unserer Marke formen. Es sind die \u00dcberzeugungen, f\u00fcr die unser Unternehmen steht. Sie dienen als Kompass, der unser Handeln, unser Verhalten und unseren Entscheidungsprozess leitet. Chase (digital) excellence. Wir streben danach, digitale Spitzenleistungen zu erreichen und in der digitalen Transformation f\u00fchrend zu sein. Es [&hellip;]\" \/>\n<meta property=\"og:url\" content=\"https:\/\/hub.jungundbanse.de\/mosaic\/markenstrategie\/markenkernwerte\/\" \/>\n<meta property=\"og:site_name\" content=\"MOSAIC Brand Hub\" \/>\n<meta property=\"article:modified_time\" content=\"2023-07-25T15:48:25+00:00\" \/>\n<meta name=\"twitter:card\" content=\"summary_large_image\" \/>\n<meta name=\"twitter:label1\" content=\"Gesch\u00e4tzte Lesezeit\" \/>\n\t<meta name=\"twitter:data1\" content=\"1 Minute\" \/>\n<script type=\"application\/ld+json\" class=\"yoast-schema-graph\">{\"@context\":\"https:\/\/schema.org\",\"@graph\":[{\"@type\":\"WebPage\",\"@id\":\"https:\/\/hub.jungundbanse.de\/mosaic\/markenstrategie\/markenkernwerte\/\",\"url\":\"https:\/\/hub.jungundbanse.de\/mosaic\/markenstrategie\/markenkernwerte\/\",\"name\":\"Markenkernwerte - MOSAIC Brand Hub\",\"isPartOf\":{\"@id\":\"https:\/\/hub.jungundbanse.de\/mosaic\/#website\"},\"datePublished\":\"2023-01-06T09:52:59+00:00\",\"dateModified\":\"2023-07-25T15:48:25+00:00\",\"breadcrumb\":{\"@id\":\"https:\/\/hub.jungundbanse.de\/mosaic\/markenstrategie\/markenkernwerte\/#breadcrumb\"},\"inLanguage\":\"de-DE\",\"potentialAction\":[{\"@type\":\"ReadAction\",\"target\":[\"https:\/\/hub.jungundbanse.de\/mosaic\/markenstrategie\/markenkernwerte\/\"]}]},{\"@type\":\"BreadcrumbList\",\"@id\":\"https:\/\/hub.jungundbanse.de\/mosaic\/markenstrategie\/markenkernwerte\/#breadcrumb\",\"itemListElement\":[{\"@type\":\"ListItem\",\"position\":1,\"name\":\"Home\",\"item\":\"https:\/\/hub.jungundbanse.de\/mosaic\/\"},{\"@type\":\"ListItem\",\"position\":2,\"name\":\"Markenstrategie\",\"item\":\"https:\/\/hub.jungundbanse.de\/mosaic\/markenstrategie\/\"},{\"@type\":\"ListItem\",\"position\":3,\"name\":\"Markenkernwerte\"}]},{\"@type\":\"WebSite\",\"@id\":\"https:\/\/hub.jungundbanse.de\/mosaic\/#website\",\"url\":\"https:\/\/hub.jungundbanse.de\/mosaic\/\",\"name\":\"MOSAIC Brand Hub\",\"description\":\"Effizientes Markenmanagement-Tool\",\"publisher\":{\"@id\":\"https:\/\/hub.jungundbanse.de\/mosaic\/#organization\"},\"potentialAction\":[{\"@type\":\"SearchAction\",\"target\":{\"@type\":\"EntryPoint\",\"urlTemplate\":\"https:\/\/hub.jungundbanse.de\/mosaic\/?s={search_term_string}\"},\"query-input\":\"required name=search_term_string\"}],\"inLanguage\":\"de-DE\"},{\"@type\":\"Organization\",\"@id\":\"https:\/\/hub.jungundbanse.de\/mosaic\/#organization\",\"name\":\"MOSAIC Brand Hub\",\"url\":\"https:\/\/hub.jungundbanse.de\/mosaic\/\",\"logo\":{\"@type\":\"ImageObject\",\"inLanguage\":\"de-DE\",\"@id\":\"https:\/\/hub.jungundbanse.de\/mosaic\/#\/schema\/logo\/image\/\",\"url\":\"https:\/\/hub.jungundbanse.de\/mosaic\/wp-content\/uploads\/sites\/10\/2023\/06\/GG_MOSAIC_hellblau.svg\",\"contentUrl\":\"https:\/\/hub.jungundbanse.de\/mosaic\/wp-content\/uploads\/sites\/10\/2023\/06\/GG_MOSAIC_hellblau.svg\",\"caption\":\"MOSAIC Brand Hub\"},\"image\":{\"@id\":\"https:\/\/hub.jungundbanse.de\/mosaic\/#\/schema\/logo\/image\/\"}}]}<\/script>\n<!-- \/ Yoast SEO plugin. -->","yoast_head_json":{"title":"Markenkernwerte - MOSAIC Brand Hub","robots":{"index":"noindex","follow":"follow","max-snippet":"max-snippet:-1","max-image-preview":"max-image-preview:large","max-video-preview":"max-video-preview:-1"},"og_locale":"de_DE","og_type":"article","og_title":"Markenkernwerte - MOSAIC Brand Hub","og_description":"Marken\u00adstrategie Markenkernwerte Unsere sind ein wichtiges Element, da sie die Identit\u00e4t unserer Marke formen. Es sind die \u00dcberzeugungen, f\u00fcr die unser Unternehmen steht. Sie dienen als Kompass, der unser Handeln, unser Verhalten und unseren Entscheidungsprozess leitet. Chase (digital) excellence. Wir streben danach, digitale Spitzenleistungen zu erreichen und in der digitalen Transformation f\u00fchrend zu sein. Es [&hellip;]","og_url":"https:\/\/hub.jungundbanse.de\/mosaic\/markenstrategie\/markenkernwerte\/","og_site_name":"MOSAIC Brand Hub","article_modified_time":"2023-07-25T15:48:25+00:00","twitter_card":"summary_large_image","twitter_misc":{"Gesch\u00e4tzte Lesezeit":"1 Minute"},"schema":{"@context":"https:\/\/schema.org","@graph":[{"@type":"WebPage","@id":"https:\/\/hub.jungundbanse.de\/mosaic\/markenstrategie\/markenkernwerte\/","url":"https:\/\/hub.jungundbanse.de\/mosaic\/markenstrategie\/markenkernwerte\/","name":"Markenkernwerte - MOSAIC Brand Hub","isPartOf":{"@id":"https:\/\/hub.jungundbanse.de\/mosaic\/#website"},"datePublished":"2023-01-06T09:52:59+00:00","dateModified":"2023-07-25T15:48:25+00:00","breadcrumb":{"@id":"https:\/\/hub.jungundbanse.de\/mosaic\/markenstrategie\/markenkernwerte\/#breadcrumb"},"inLanguage":"de-DE","potentialAction":[{"@type":"ReadAction","target":["https:\/\/hub.jungundbanse.de\/mosaic\/markenstrategie\/markenkernwerte\/"]}]},{"@type":"BreadcrumbList","@id":"https:\/\/hub.jungundbanse.de\/mosaic\/markenstrategie\/markenkernwerte\/#breadcrumb","itemListElement":[{"@type":"ListItem","position":1,"name":"Home","item":"https:\/\/hub.jungundbanse.de\/mosaic\/"},{"@type":"ListItem","position":2,"name":"Markenstrategie","item":"https:\/\/hub.jungundbanse.de\/mosaic\/markenstrategie\/"},{"@type":"ListItem","position":3,"name":"Markenkernwerte"}]},{"@type":"WebSite","@id":"https:\/\/hub.jungundbanse.de\/mosaic\/#website","url":"https:\/\/hub.jungundbanse.de\/mosaic\/","name":"MOSAIC Brand Hub","description":"Effizientes Markenmanagement-Tool","publisher":{"@id":"https:\/\/hub.jungundbanse.de\/mosaic\/#organization"},"potentialAction":[{"@type":"SearchAction","target":{"@type":"EntryPoint","urlTemplate":"https:\/\/hub.jungundbanse.de\/mosaic\/?s={search_term_string}"},"query-input":"required name=search_term_string"}],"inLanguage":"de-DE"},{"@type":"Organization","@id":"https:\/\/hub.jungundbanse.de\/mosaic\/#organization","name":"MOSAIC Brand Hub","url":"https:\/\/hub.jungundbanse.de\/mosaic\/","logo":{"@type":"ImageObject","inLanguage":"de-DE","@id":"https:\/\/hub.jungundbanse.de\/mosaic\/#\/schema\/logo\/image\/","url":"https:\/\/hub.jungundbanse.de\/mosaic\/wp-content\/uploads\/sites\/10\/2023\/06\/GG_MOSAIC_hellblau.svg","contentUrl":"https:\/\/hub.jungundbanse.de\/mosaic\/wp-content\/uploads\/sites\/10\/2023\/06\/GG_MOSAIC_hellblau.svg","caption":"MOSAIC Brand Hub"},"image":{"@id":"https:\/\/hub.jungundbanse.de\/mosaic\/#\/schema\/logo\/image\/"}}]}},"_links":{"self":[{"href":"https:\/\/hub.jungundbanse.de\/mosaic\/wp-json\/wp\/v2\/pages\/694"}],"collection":[{"href":"https:\/\/hub.jungundbanse.de\/mosaic\/wp-json\/wp\/v2\/pages"}],"about":[{"href":"https:\/\/hub.jungundbanse.de\/mosaic\/wp-json\/wp\/v2\/types\/page"}],"author":[{"embeddable":true,"href":"https:\/\/hub.jungundbanse.de\/mosaic\/wp-json\/wp\/v2\/users\/1"}],"replies":[{"embeddable":true,"href":"https:\/\/hub.jungundbanse.de\/mosaic\/wp-json\/wp\/v2\/comments?post=694"}],"version-history":[{"count":16,"href":"https:\/\/hub.jungundbanse.de\/mosaic\/wp-json\/wp\/v2\/pages\/694\/revisions"}],"predecessor-version":[{"id":2020,"href":"https:\/\/hub.jungundbanse.de\/mosaic\/wp-json\/wp\/v2\/pages\/694\/revisions\/2020"}],"up":[{"embeddable":true,"href":"https:\/\/hub.jungundbanse.de\/mosaic\/wp-json\/wp\/v2\/pages\/792"}],"wp:attachment":[{"href":"https:\/\/hub.jungundbanse.de\/mosaic\/wp-json\/wp\/v2\/media?parent=694"}],"curies":[{"name":"wp","href":"https:\/\/api.w.org\/{rel}","templated":true}]}}