{"id":770,"date":"2023-01-11T12:40:27","date_gmt":"2023-01-11T12:40:27","guid":{"rendered":"https:\/\/hub.jungundbanse.de\/leiv\/?page_id=770"},"modified":"2023-12-04T19:20:21","modified_gmt":"2023-12-04T17:20:21","slug":"marken-check","status":"publish","type":"page","link":"https:\/\/hub.jungundbanse.de\/leiv\/marken-check\/","title":{"rendered":"Marken-Check"},"content":{"rendered":"<div  class=\"gs_Qj3Ucj row_wrap has-background\"><div id='bg_69e739bb81896' class='greyd-background bg_full'>\n\t\t\t\t\t\t\t\t<div class='bg_color'><\/div>\n\t\t\t\t\t\t\t\t\n\t\t\t\t\t\t\t\t\n\t\t\t\t\t\t\t\t\n\t\t\t\t\t\t\t<\/div>\n<div class=\"wp-block-columns row_xxl has-background\" style=\"background-color:#e6fbe8\">\n<div class=\"wp-block-column col-12 col-sm-auto\">\n<p class=\"has-text-align-center has-h-1-font-size\">Marken-Check<\/p>\n<\/div>\n<\/div>\n<\/div>\n\n<div  class=\"row_wrap\">\n<div class=\"wp-block-columns row_xxl\">\n<div class=\"wp-block-column col-12\"><div  class='spacer_wrap' style='visibility: hidden'><div class='wp-block-spacer inner-sm' style='height: calc(70px * 0.8)' aria-hidden='true'><\/div><div class='wp-block-spacer inner-md' style='height: calc(70px * 0.6)' aria-hidden='true'><\/div><div class='wp-block-spacer inner-lg' style='height: calc(70px * 0.8)' aria-hidden='true'><\/div><div class='wp-block-spacer inner-xl' style='height: calc(70px * 1)' aria-hidden='true'><\/div><\/div>\n\n\n<h2 class=\"has-text-align-center wp-block-heading\">Better safe than sorry.<\/h2>\n\n\n\n<p class=\"has-text-align-center gs_EAcKuT\">Um das Formular auszuf\u00fcllen, gib bitte die geforderten Informationen m\u00f6glichst genau ein und lade eine Datei mit deinem Design hoch. Stell sicher, dass die Datei im JPEG-, PNG- oder PDF-Format vorliegt und nicht gr\u00f6\u00dfer als 20 MB ist. Unser Expertenteam wird dein Design anschlie\u00dfend \u00fcberpr\u00fcfen und innerhalb von 1\u20132 Werktagen Feedback geben. Dieses Feedback umfasst eine detaillierte Bewertung deines Designs hinsichtlich gestalterischer, funktionaler und markenspezifischer Aspekte sowie konstruktive Vorschl\u00e4ge zur Verbesserung.<\/p>\n\n\n<div  class='spacer_wrap' style='visibility: hidden'><div class='wp-block-spacer inner-sm' style='height: calc(100px * 0.4)' aria-hidden='true'><\/div><div class='wp-block-spacer inner-md' style='height: calc(100px * 0.6)' aria-hidden='true'><\/div><div class='wp-block-spacer inner-lg' style='height: calc(100px * 0.8)' aria-hidden='true'><\/div><div class='wp-block-spacer inner-xl' style='height: calc(100px * 1)' aria-hidden='true'><\/div><\/div>\n\n<div class='forms_wrapper'><a href='#after-greyd-form-1' class='greyd_skip_link'>Formular \u00fcberspringen<\/a><form\n\t\t\tclass='greyd_form \u201eMarken-Check\u201c requirement-style__both' name='form_893' id='greyd-form-1'\n\t\t\tdata-id='893' data-form-mode='normal' data-title='Marken-Check' data-nonce='28397f0f3f' data-send='enable'\n\t\t\tmethod='POST' enctype='multipart\/form-data'\n\t\t><div  class=\"row_wrap\">\n<div class=\"wp-block-columns row_xxl\">\n<div class=\"wp-block-column col-12 col-sm-auto col-lg-auto\">\n<div class=\"input-outer-wrapper\"><div class=\"input-wrapper gs_hvRNT7\"><div class=\"label_wrap\"><label class=\"label\"><span>Datei hochladen<\/span><span class=\"requirement-optional\"> (optional)<\/span><\/label><span class=\"forms-tooltip\"><span class=\"forms-tooltip-toggle\"><\/span><span class=\"forms-tooltip-popup\" id=\"tt-upload_feld___id69e739bb8234b\">W\u00e4hlen Sie die Datei mit maximal 20 MB aus.<\/span><\/span><\/div><input type=\"file\" class=\"custom-file-upload\" accept=\"\" name=\"upload_feld\" aria-describedby=\"tt-upload_feld___id69e739bb8234b\" id=\"upload_feld___id69e739bb8234b\" data-max=\"none\" data-required=\"optional\"\/><label for=\"upload_feld___id69e739bb8234b\" data-text=\"Von Computer hochladen\"><div class=\"input is-style-sec\"><span class=\"icon_upload\" style=\"vertical-align:middle;font-size:100%;margin-right:10px\" aria-hidden=\"true\"><\/span><span style=\"flex:1\">Von Computer hochladen<\/span><\/div><\/label><\/div><\/div>\n<\/div>\n\n\n\n<div class=\"wp-block-column col-12 col-sm-auto col-lg-auto\">\n<div class=\"input-outer-wrapper\"><div class=\"input-wrapper gs_ppJjPq\"><div class=\"label_wrap\"><label class=\"label\" for=\"medium___id69e739bb8234b\"><span>Worum handelt es sich?<\/span><span class=\"requirement-required\"> *<\/span><\/label><\/div><div class=\"input-inner-wrapper\"><input class=\"input validation is-style-checkbox is-style-sec\" type=\"text\" name=\"medium\" id=\"medium___id69e739bb8234b\" placeholder=\"z. B. \u201eRollup\u201c\" autocomplete=\"on\" required data-required=\"required\" title=\"Bitte f\u00fclle dieses Feld aus\" rows=\"\"\/><span class=\"input-field-icon\"><\/span><\/div><\/div><\/div>\n\n\n\n<div class=\"input-outer-wrapper\"><div class=\"input-wrapper gs_ZO7aUd\"><div class=\"label_wrap\"><label class=\"label\" for=\"download_link___id69e739bb8234b\"><span>Datei download<\/span><span class=\"requirement-optional\"> (optional)<\/span><\/label><span class=\"forms-tooltip\"><span class=\"forms-tooltip-toggle\"><\/span><span class=\"forms-tooltip-popup\" id=\"tt-download_link___id69e739bb8234b\">Falls die Datei f\u00fcr das Upload-Feld zu gro\u00df ist, kannst du deine Datei z. B. \u00fcber WeTransfer hochladen.<\/span><\/span><\/div><div class=\"input-inner-wrapper\"><input class=\"input validation is-style-checkbox is-style-sec\" type=\"text\" name=\"download_link\" id=\"download_link___id69e739bb8234b\" aria-describedby=\"tt-download_link___id69e739bb8234b\" placeholder=\"Download-Link\" autocomplete=\"on\" data-required=\"optional\" title=\"Bitte f\u00fclle dieses Feld aus\" rows=\"\"\/><span class=\"input-field-icon\"><\/span><\/div><\/div><\/div>\n\n\n\n<div class=\"input-outer-wrapper\"><div class=\"input-wrapper gs_eg3Pzv\"><div class=\"label_wrap\"><label class=\"label\" for=\"nachricht___id69e739bb8234b\"><span>Nachricht<\/span><span class=\"requirement-optional\"> (optional)<\/span><\/label><\/div><div class=\"input-inner-wrapper\"><textarea class=\"input validation is-style-checkbox is-style-sec\" type=\"text\" name=\"nachricht\" id=\"nachricht___id69e739bb8234b\" placeholder=\"z. B. \u201eWir sind uns mit dem Design unsicher. W\u00fcrdet ihr etwas anders machen?\u201c\" autocomplete=\"on\" data-required=\"optional\" title=\"Bitte f\u00fclle dieses Feld aus\" rows=\"5\"><\/textarea><span class=\"input-field-icon\"><\/span><\/div><\/div><\/div>\n\n\n\n<div class=\"input-outer-wrapper\"><div class=\"input-wrapper gs_sb5fjQ\"><div class=\"label_wrap\"><label class=\"label\" for=\"email___id69e739bb8234b\"><span>An welche Email soll geantwortet werden?<\/span><span class=\"requirement-required\"> *<\/span><\/label><span class=\"forms-tooltip\"><span class=\"forms-tooltip-toggle\"><\/span><span class=\"forms-tooltip-popup\" id=\"tt-email___id69e739bb8234b\">Die E-Mail-Adresse sollte ein &#8216;@&#8217;-Zeichen und eine g\u00fcltige Domain mit einem Punkt enthalten.<\/span><\/span><\/div><div class=\"input-inner-wrapper\"><input class=\"input validation is-style-checkbox is-style-sec\" type=\"email\" name=\"email\" id=\"email___id69e739bb8234b\" aria-describedby=\"tt-email___id69e739bb8234b\" placeholder=\"max@mustermann.de\" autocomplete=\"on\" pattern=\"\\w+([\\-+\\.]\\w+)*@\\w+([\\-\\.]\\w+)*.\\w+([\\-\\.]\\w+)*\" required data-required=\"required\" title=\"Bitte f\u00fclle dieses Feld aus\" rows=\"\"\/><span class=\"input-field-icon\"><\/span><\/div><\/div><\/div>\n\n\n\n<div class=\"wp-block-greyd-forms-checkbox input-wrapper gs_pVDFEB is-style-checkbox\"><label class=\"label checkbox-label\" for=\"datenschutz___id69e739bb8234b\"><input class=\"checkbox_placeholder_value\" type=\"hidden\" name=\"datenschutz\" value=\"false\"\/><input type=\"checkbox\" id=\"datenschutz___id69e739bb8234b\" name=\"datenschutz\" value=\"true\" required data-required=\"required\" title=\"please confirm the checkbox\"\/><div><span>Du erkl\u00e4rst dich damit einverstanden, dass deine Daten zur Bearbeitung deiner Anfrage verwendet werden. Weitere Informationen zum Widerruf findest du in der Datenschutzrichtlinie.<\/span><span class=\"requirement-required\"> *<\/span><\/div><\/label><\/div>\n\n\n\n<div class=\"input-outer-wrapper input-wrapper\"><button class=\"submitbutton button gs_mMmIeo is-style-checkbox \" type=\"submit\" name=\"submit\" title=\"submit\" data-text=\"Jetzt checken lassen\"><span class=\"greyd_upload_progress\"><span class=\"spinner\"><span class=\"dot-loader\"><\/span><span class=\"dot-loader dot-loader--2\"><\/span><span class=\"dot-loader dot-loader--3\"><\/span><\/span><span class=\"bar\"><\/span><\/span><span style=\"flex:1\">Jetzt checken lassen<\/span><\/button><\/div>\n<\/div>\n<\/div>\n<\/div><\/form><div class='after-message animate_fast'><div class='message'><\/div><\/div><div id='after-greyd-form-1' class='greyd_skip_target'>Formular \u00fcbersprungen<\/div><\/div>\n\n<div  class='spacer_wrap' style='visibility: hidden'><div class='wp-block-spacer inner-sm' style='height: calc(40px * 0.8)' aria-hidden='true'><\/div><div class='wp-block-spacer inner-md' style='height: calc(40px * 0.6)' aria-hidden='true'><\/div><div class='wp-block-spacer inner-lg' style='height: calc(40px * 0.8)' aria-hidden='true'><\/div><div class='wp-block-spacer inner-xl' style='height: calc(40px * 1)' aria-hidden='true'><\/div><\/div><\/div>\n<\/div>\n<\/div>","protected":false},"excerpt":{"rendered":"<p>Marken-Check Better safe than sorry. Um das Formular auszuf\u00fcllen, gib bitte die geforderten Informationen m\u00f6glichst genau ein und lade eine Datei mit deinem Design hoch. Stell sicher, dass die Datei im JPEG-, PNG- oder PDF-Format vorliegt und nicht gr\u00f6\u00dfer als 20 MB ist. Unser Expertenteam wird dein Design anschlie\u00dfend \u00fcberpr\u00fcfen und innerhalb von 1\u20132 Werktagen [&hellip;]<\/p>\n","protected":false},"author":1,"featured_media":0,"parent":0,"menu_order":5,"comment_status":"closed","ping_status":"closed","template":"","meta":{"_eb_attr":"","greyd_block_editor_preview":[],"footnotes":""},"yoast_head":"<!-- This site is optimized with the Yoast SEO plugin v21.5 - https:\/\/yoast.com\/wordpress\/plugins\/seo\/ -->\n<title>Marken-Check - leiv Brand Hub<\/title>\n<meta name=\"robots\" content=\"noindex, follow, max-snippet:-1, max-image-preview:large, max-video-preview:-1\" \/>\n<meta property=\"og:locale\" content=\"de_DE\" \/>\n<meta property=\"og:type\" content=\"article\" \/>\n<meta property=\"og:title\" content=\"Marken-Check - leiv Brand Hub\" \/>\n<meta property=\"og:description\" content=\"Marken-Check Better safe than sorry. Um das Formular auszuf\u00fcllen, gib bitte die geforderten Informationen m\u00f6glichst genau ein und lade eine Datei mit deinem Design hoch. Stell sicher, dass die Datei im JPEG-, PNG- oder PDF-Format vorliegt und nicht gr\u00f6\u00dfer als 20 MB ist. Unser Expertenteam wird dein Design anschlie\u00dfend \u00fcberpr\u00fcfen und innerhalb von 1\u20132 Werktagen [&hellip;]\" \/>\n<meta property=\"og:url\" content=\"https:\/\/hub.jungundbanse.de\/leiv\/marken-check\/\" \/>\n<meta property=\"og:site_name\" content=\"leiv Brand Hub\" \/>\n<meta property=\"article:modified_time\" content=\"2023-12-04T17:20:21+00:00\" \/>\n<meta name=\"twitter:card\" content=\"summary_large_image\" \/>\n<script type=\"application\/ld+json\" class=\"yoast-schema-graph\">{\"@context\":\"https:\/\/schema.org\",\"@graph\":[{\"@type\":\"WebPage\",\"@id\":\"https:\/\/hub.jungundbanse.de\/leiv\/marken-check\/\",\"url\":\"https:\/\/hub.jungundbanse.de\/leiv\/marken-check\/\",\"name\":\"Marken-Check - leiv Brand Hub\",\"isPartOf\":{\"@id\":\"https:\/\/hub.jungundbanse.de\/leiv\/#website\"},\"datePublished\":\"2023-01-11T12:40:27+00:00\",\"dateModified\":\"2023-12-04T17:20:21+00:00\",\"breadcrumb\":{\"@id\":\"https:\/\/hub.jungundbanse.de\/leiv\/marken-check\/#breadcrumb\"},\"inLanguage\":\"de-DE\",\"potentialAction\":[{\"@type\":\"ReadAction\",\"target\":[\"https:\/\/hub.jungundbanse.de\/leiv\/marken-check\/\"]}]},{\"@type\":\"BreadcrumbList\",\"@id\":\"https:\/\/hub.jungundbanse.de\/leiv\/marken-check\/#breadcrumb\",\"itemListElement\":[{\"@type\":\"ListItem\",\"position\":1,\"name\":\"Home\",\"item\":\"https:\/\/hub.jungundbanse.de\/leiv\/\"},{\"@type\":\"ListItem\",\"position\":2,\"name\":\"Marken-Check\"}]},{\"@type\":\"WebSite\",\"@id\":\"https:\/\/hub.jungundbanse.de\/leiv\/#website\",\"url\":\"https:\/\/hub.jungundbanse.de\/leiv\/\",\"name\":\"leiv Brand Hub\",\"description\":\"Effizientes Markenmanagement-Tool\",\"publisher\":{\"@id\":\"https:\/\/hub.jungundbanse.de\/leiv\/#organization\"},\"potentialAction\":[{\"@type\":\"SearchAction\",\"target\":{\"@type\":\"EntryPoint\",\"urlTemplate\":\"https:\/\/hub.jungundbanse.de\/leiv\/?s={search_term_string}\"},\"query-input\":\"required name=search_term_string\"}],\"inLanguage\":\"de-DE\"},{\"@type\":\"Organization\",\"@id\":\"https:\/\/hub.jungundbanse.de\/leiv\/#organization\",\"name\":\"leiv Brand Hub\",\"url\":\"https:\/\/hub.jungundbanse.de\/leiv\/\",\"logo\":{\"@type\":\"ImageObject\",\"inLanguage\":\"de-DE\",\"@id\":\"https:\/\/hub.jungundbanse.de\/leiv\/#\/schema\/logo\/image\/\",\"url\":\"https:\/\/hub.jungundbanse.de\/leiv\/wp-content\/uploads\/sites\/14\/2023\/11\/leiv_logo_rgb_black.svg\",\"contentUrl\":\"https:\/\/hub.jungundbanse.de\/leiv\/wp-content\/uploads\/sites\/14\/2023\/11\/leiv_logo_rgb_black.svg\",\"caption\":\"leiv Brand Hub\"},\"image\":{\"@id\":\"https:\/\/hub.jungundbanse.de\/leiv\/#\/schema\/logo\/image\/\"}}]}<\/script>\n<!-- \/ Yoast SEO plugin. -->","yoast_head_json":{"title":"Marken-Check - leiv Brand Hub","robots":{"index":"noindex","follow":"follow","max-snippet":"max-snippet:-1","max-image-preview":"max-image-preview:large","max-video-preview":"max-video-preview:-1"},"og_locale":"de_DE","og_type":"article","og_title":"Marken-Check - leiv Brand Hub","og_description":"Marken-Check Better safe than sorry. Um das Formular auszuf\u00fcllen, gib bitte die geforderten Informationen m\u00f6glichst genau ein und lade eine Datei mit deinem Design hoch. Stell sicher, dass die Datei im JPEG-, PNG- oder PDF-Format vorliegt und nicht gr\u00f6\u00dfer als 20 MB ist. Unser Expertenteam wird dein Design anschlie\u00dfend \u00fcberpr\u00fcfen und innerhalb von 1\u20132 Werktagen [&hellip;]","og_url":"https:\/\/hub.jungundbanse.de\/leiv\/marken-check\/","og_site_name":"leiv Brand Hub","article_modified_time":"2023-12-04T17:20:21+00:00","twitter_card":"summary_large_image","schema":{"@context":"https:\/\/schema.org","@graph":[{"@type":"WebPage","@id":"https:\/\/hub.jungundbanse.de\/leiv\/marken-check\/","url":"https:\/\/hub.jungundbanse.de\/leiv\/marken-check\/","name":"Marken-Check - leiv Brand Hub","isPartOf":{"@id":"https:\/\/hub.jungundbanse.de\/leiv\/#website"},"datePublished":"2023-01-11T12:40:27+00:00","dateModified":"2023-12-04T17:20:21+00:00","breadcrumb":{"@id":"https:\/\/hub.jungundbanse.de\/leiv\/marken-check\/#breadcrumb"},"inLanguage":"de-DE","potentialAction":[{"@type":"ReadAction","target":["https:\/\/hub.jungundbanse.de\/leiv\/marken-check\/"]}]},{"@type":"BreadcrumbList","@id":"https:\/\/hub.jungundbanse.de\/leiv\/marken-check\/#breadcrumb","itemListElement":[{"@type":"ListItem","position":1,"name":"Home","item":"https:\/\/hub.jungundbanse.de\/leiv\/"},{"@type":"ListItem","position":2,"name":"Marken-Check"}]},{"@type":"WebSite","@id":"https:\/\/hub.jungundbanse.de\/leiv\/#website","url":"https:\/\/hub.jungundbanse.de\/leiv\/","name":"leiv Brand Hub","description":"Effizientes Markenmanagement-Tool","publisher":{"@id":"https:\/\/hub.jungundbanse.de\/leiv\/#organization"},"potentialAction":[{"@type":"SearchAction","target":{"@type":"EntryPoint","urlTemplate":"https:\/\/hub.jungundbanse.de\/leiv\/?s={search_term_string}"},"query-input":"required name=search_term_string"}],"inLanguage":"de-DE"},{"@type":"Organization","@id":"https:\/\/hub.jungundbanse.de\/leiv\/#organization","name":"leiv Brand Hub","url":"https:\/\/hub.jungundbanse.de\/leiv\/","logo":{"@type":"ImageObject","inLanguage":"de-DE","@id":"https:\/\/hub.jungundbanse.de\/leiv\/#\/schema\/logo\/image\/","url":"https:\/\/hub.jungundbanse.de\/leiv\/wp-content\/uploads\/sites\/14\/2023\/11\/leiv_logo_rgb_black.svg","contentUrl":"https:\/\/hub.jungundbanse.de\/leiv\/wp-content\/uploads\/sites\/14\/2023\/11\/leiv_logo_rgb_black.svg","caption":"leiv Brand Hub"},"image":{"@id":"https:\/\/hub.jungundbanse.de\/leiv\/#\/schema\/logo\/image\/"}}]}},"_links":{"self":[{"href":"https:\/\/hub.jungundbanse.de\/leiv\/wp-json\/wp\/v2\/pages\/770"}],"collection":[{"href":"https:\/\/hub.jungundbanse.de\/leiv\/wp-json\/wp\/v2\/pages"}],"about":[{"href":"https:\/\/hub.jungundbanse.de\/leiv\/wp-json\/wp\/v2\/types\/page"}],"author":[{"embeddable":true,"href":"https:\/\/hub.jungundbanse.de\/leiv\/wp-json\/wp\/v2\/users\/1"}],"replies":[{"embeddable":true,"href":"https:\/\/hub.jungundbanse.de\/leiv\/wp-json\/wp\/v2\/comments?post=770"}],"version-history":[{"count":6,"href":"https:\/\/hub.jungundbanse.de\/leiv\/wp-json\/wp\/v2\/pages\/770\/revisions"}],"predecessor-version":[{"id":2541,"href":"https:\/\/hub.jungundbanse.de\/leiv\/wp-json\/wp\/v2\/pages\/770\/revisions\/2541"}],"wp:attachment":[{"href":"https:\/\/hub.jungundbanse.de\/leiv\/wp-json\/wp\/v2\/media?parent=770"}],"curies":[{"name":"wp","href":"https:\/\/api.w.org\/{rel}","templated":true}]}}