{"id":694,"date":"2023-01-06T09:52:59","date_gmt":"2023-01-06T09:52:59","guid":{"rendered":"https:\/\/hub.jungundbanse.de\/leiv\/?page_id=694"},"modified":"2023-12-05T10:40:29","modified_gmt":"2023-12-05T08:40:29","slug":"markenkernwerte","status":"publish","type":"page","link":"https:\/\/hub.jungundbanse.de\/leiv\/markenstrategie\/markenkernwerte\/","title":{"rendered":"Markenkernwerte"},"content":{"rendered":"<div  class=\"gs_nGphce row_wrap has-background\"><div id='bg_69e739c6815f5' class='greyd-background bg_full'>\n\t\t\t\t\t\t\t\t<div class='bg_color'><\/div>\n\t\t\t\t\t\t\t\t\n\t\t\t\t\t\t\t\t\n\t\t\t\t\t\t\t\t\n\t\t\t\t\t\t\t<\/div>\n<div class=\"wp-block-columns row_xxl has-background\" style=\"background-color:#e6fbe8\">\n<div class=\"wp-block-column col-12 col-sm-auto\">\n<p class=\"has-text-align-center has-h-1-font-size\">Marken\u00adstrategie<\/p>\n<\/div>\n<\/div>\n<\/div>\n\n<div  class=\"gs_0k7Wf3 row_wrap\">\n<div class=\"wp-block-columns are-vertically-aligned-top row_xxl\">\n<div class=\"wp-block-column is-vertically-aligned-top hidden-xs col-12 col-sm-auto col-lg-3\" style=\"padding-bottom:var(--wp--preset--spacing--80);flex-basis:33.33%\">\n<div class=\"wp-block-senff-sticky-block\" data-topspace=\"90\" data-cfa=\"true\" data-minwidth=\"0\" data-maxwidth=\"99999\" data-pushup=\"\" data-zindex=\"1\">\n<style class=\"greyd-styles\">.gs_HWr0pk, .gs_HWr0pk .menu-item { flex-direction: column !important; --gap: 18px !important; } <\/style>\n<div  class=\"block_menu_wrapper\"><div class=\"menu-markenstrategie-sidemenu-container\"><ul id=\"menu-markenstrategie-sidemenu\" class=\"menu gs_HWr0pk\"><li id=\"menu-item-798\" class=\"menu-item menu-item-type-post_type menu-item-object-page menu-item-798\"><a href=\"https:\/\/hub.jungundbanse.de\/leiv\/markenstrategie\/markenkernwerte\/\">Markenkernwerte<\/a><\/li>\n<li id=\"menu-item-1699\" class=\"menu-item menu-item-type-post_type menu-item-object-page menu-item-1699\"><a href=\"https:\/\/hub.jungundbanse.de\/leiv\/markenstrategie\/ein-wort-wert\/\">Ein-Wort-Wert<\/a><\/li>\n<li id=\"menu-item-1700\" class=\"menu-item menu-item-type-post_type menu-item-object-page menu-item-1700\"><a href=\"https:\/\/hub.jungundbanse.de\/leiv\/markenstrategie\/positionierung\/\">Nr. 1 Positionierung<\/a><\/li>\n<li id=\"menu-item-1073\" class=\"menu-item menu-item-type-post_type menu-item-object-page menu-item-1073\"><a href=\"https:\/\/hub.jungundbanse.de\/leiv\/markenstrategie\/brandstory\/\">Brandstory<\/a><\/li>\n<\/ul><\/div><\/div><\/div>\n<\/div>\n\n\n\n<div class=\"wp-block-column is-vertically-aligned-top col-12 col-sm-auto\" style=\"flex-basis:66.66%;width:66.66%\">\n<h2 class=\"has-h-2-font-size wp-block-heading\">Markenkernwerte<\/h2>\n\n\n\n<p>Kernwerte sind ein wichtiges Element, da sie die Identit\u00e4t unserer Marke formen. Es sind die \u00dcberzeugungen, f\u00fcr die unser Unternehmen steht. Sie dienen als Kompass, der unser Handeln, unser Verhalten und unseren Entscheidungsprozess leitet.<\/p>\n\n\n<div  class='spacer_wrap' style='visibility: hidden'><div class='wp-block-spacer inner-sm' style='height: calc(50px * 0.8)' aria-hidden='true'><\/div><div class='wp-block-spacer inner-md' style='height: calc(50px * 0.8)' aria-hidden='true'><\/div><div class='wp-block-spacer inner-lg' style='height: calc(50px * 0.8)' aria-hidden='true'><\/div><div class='wp-block-spacer inner-xl' style='height: calc(50px * 1)' aria-hidden='true'><\/div><\/div>\n\n\n<div id=\"excellence\" class=\"greyd-anchor-target\"><\/div>\n\n\n\n<h2 class=\"has-h-4-font-size wp-block-heading\">Lebensqualit\u00e4t<\/h2>\n\n\n\n<p>Wir erm\u00f6glichen unseren Kunden eine ungezwungene Freizeit \u2013 egal ob alleine oder mit den Liebsten.<\/p>\n\n\n\n<hr style='  width: 100% !important;   'class=\"wp-block-separator has-text-color has-color-32-color has-alpha-channel-opacity has-color-32-background-color has-background\"\/>\n\n\n\n<div id=\"learn\" class=\"greyd-anchor-target\"><\/div>\n\n\n\n<h2 class=\"has-h-4-font-size wp-block-heading\">Bereicherung<\/h2>\n\n\n\n<p>Wir bereichern die Freizeit unserer Kunden mit Mehrwert stiftenden Produkten.<\/p>\n\n\n\n<hr style='  width: 100% !important;   'class=\"wp-block-separator has-text-color has-color-32-color has-alpha-channel-opacity has-color-32-background-color has-background\"\/>\n\n\n\n<div id=\"friendly\" class=\"greyd-anchor-target\"><\/div>\n\n\n\n<h2 class=\"has-h-4-font-size wp-block-heading\">Erfahrung<\/h2>\n\n\n\n<p>Wir sind Teil eines \u00fcber Jahrzehnte etablierten Unternehmens mit erprobten Prozessen in Entwicklung, Produktion und Distribution.<\/p>\n\n\n\n<hr style='  width: 100% !important;   'class=\"wp-block-separator has-text-color has-color-32-color has-alpha-channel-opacity has-color-32-background-color has-background\"\/>\n\n\n\n<div id=\"open\" class=\"greyd-anchor-target\"><\/div>\n\n\n\n<h2 class=\"has-h-4-font-size wp-block-heading\">Verbesserung<\/h2>\n\n\n\n<p>Wir denken weiter und streben in der Produktentwicklung danach, den Status-quo zu optimieren.<\/p>\n\n\n\n<hr style='  width: 100% !important;   'class=\"wp-block-separator has-text-color has-color-32-color has-alpha-channel-opacity has-color-32-background-color has-background\"\/>\n\n\n<div  class='spacer_wrap' style='visibility: hidden'><div class='wp-block-spacer inner-sm' style='height: calc(100px * 0.8)' aria-hidden='true'><\/div><div class='wp-block-spacer inner-md' style='height: calc(100px * 0.8)' aria-hidden='true'><\/div><div class='wp-block-spacer inner-lg' style='height: calc(100px * 1)' aria-hidden='true'><\/div><div class='wp-block-spacer inner-xl' style='height: calc(100px * 1)' aria-hidden='true'><\/div><\/div>\n\n<div  class=\"row_wrap\">\n<div class=\"wp-block-columns row_xxl\">\n<div class=\"wp-block-column col-6 col-sm-auto\"><\/div>\n\n\n\n<div class=\"wp-block-column col-6 col-sm-auto\">\n<div class=\"wp-block-greyd-buttons alignright\">\n<a  href=\"https:\/\/hub.jungundbanse.de\/leiv\/markenstrategie\/ein-wort-wert\/\" title=\"Ein-Wort-Wert\" class=\"link is-style-link-prim gs_j9030i \"><span style=\"flex:1\">Ein-Wort-Wert<\/span><span class=\"arrow_right\" style=\"vertical-align:middle;font-size:100%;margin-left:10px\" aria-hidden=\"true\"><\/span><\/a>\n<\/div>\n<\/div>\n<\/div>\n<\/div><\/div>\n<\/div>\n<\/div>","protected":false},"excerpt":{"rendered":"<p>Marken\u00adstrategie Markenkernwerte Kernwerte sind ein wichtiges Element, da sie die Identit\u00e4t unserer Marke formen. Es sind die \u00dcberzeugungen, f\u00fcr die unser Unternehmen steht. Sie dienen als Kompass, der unser Handeln, unser Verhalten und unseren Entscheidungsprozess leitet. Lebensqualit\u00e4t Wir erm\u00f6glichen unseren Kunden eine ungezwungene Freizeit \u2013 egal ob alleine oder mit den Liebsten. Bereicherung Wir bereichern [&hellip;]<\/p>\n","protected":false},"author":1,"featured_media":0,"parent":792,"menu_order":1,"comment_status":"closed","ping_status":"closed","template":"","meta":{"_eb_attr":"","greyd_block_editor_preview":[],"footnotes":""},"yoast_head":"<!-- This site is optimized with the Yoast SEO plugin v21.5 - https:\/\/yoast.com\/wordpress\/plugins\/seo\/ -->\n<title>Markenkernwerte - leiv Brand Hub<\/title>\n<meta name=\"robots\" content=\"noindex, follow, max-snippet:-1, max-image-preview:large, max-video-preview:-1\" \/>\n<meta property=\"og:locale\" content=\"de_DE\" \/>\n<meta property=\"og:type\" content=\"article\" \/>\n<meta property=\"og:title\" content=\"Markenkernwerte - leiv Brand Hub\" \/>\n<meta property=\"og:description\" content=\"Marken\u00adstrategie Markenkernwerte Kernwerte sind ein wichtiges Element, da sie die Identit\u00e4t unserer Marke formen. Es sind die \u00dcberzeugungen, f\u00fcr die unser Unternehmen steht. Sie dienen als Kompass, der unser Handeln, unser Verhalten und unseren Entscheidungsprozess leitet. Lebensqualit\u00e4t Wir erm\u00f6glichen unseren Kunden eine ungezwungene Freizeit \u2013 egal ob alleine oder mit den Liebsten. Bereicherung Wir bereichern [&hellip;]\" \/>\n<meta property=\"og:url\" content=\"https:\/\/hub.jungundbanse.de\/leiv\/markenstrategie\/markenkernwerte\/\" \/>\n<meta property=\"og:site_name\" content=\"leiv Brand Hub\" \/>\n<meta property=\"article:modified_time\" content=\"2023-12-05T08:40:29+00:00\" \/>\n<meta name=\"twitter:card\" content=\"summary_large_image\" \/>\n<meta name=\"twitter:label1\" content=\"Gesch\u00e4tzte Lesezeit\" \/>\n\t<meta name=\"twitter:data1\" content=\"1 Minute\" \/>\n<script type=\"application\/ld+json\" class=\"yoast-schema-graph\">{\"@context\":\"https:\/\/schema.org\",\"@graph\":[{\"@type\":\"WebPage\",\"@id\":\"https:\/\/hub.jungundbanse.de\/leiv\/markenstrategie\/markenkernwerte\/\",\"url\":\"https:\/\/hub.jungundbanse.de\/leiv\/markenstrategie\/markenkernwerte\/\",\"name\":\"Markenkernwerte - leiv Brand Hub\",\"isPartOf\":{\"@id\":\"https:\/\/hub.jungundbanse.de\/leiv\/#website\"},\"datePublished\":\"2023-01-06T09:52:59+00:00\",\"dateModified\":\"2023-12-05T08:40:29+00:00\",\"breadcrumb\":{\"@id\":\"https:\/\/hub.jungundbanse.de\/leiv\/markenstrategie\/markenkernwerte\/#breadcrumb\"},\"inLanguage\":\"de-DE\",\"potentialAction\":[{\"@type\":\"ReadAction\",\"target\":[\"https:\/\/hub.jungundbanse.de\/leiv\/markenstrategie\/markenkernwerte\/\"]}]},{\"@type\":\"BreadcrumbList\",\"@id\":\"https:\/\/hub.jungundbanse.de\/leiv\/markenstrategie\/markenkernwerte\/#breadcrumb\",\"itemListElement\":[{\"@type\":\"ListItem\",\"position\":1,\"name\":\"Home\",\"item\":\"https:\/\/hub.jungundbanse.de\/leiv\/\"},{\"@type\":\"ListItem\",\"position\":2,\"name\":\"Markenstrategie\",\"item\":\"https:\/\/hub.jungundbanse.de\/leiv\/markenstrategie\/\"},{\"@type\":\"ListItem\",\"position\":3,\"name\":\"Markenkernwerte\"}]},{\"@type\":\"WebSite\",\"@id\":\"https:\/\/hub.jungundbanse.de\/leiv\/#website\",\"url\":\"https:\/\/hub.jungundbanse.de\/leiv\/\",\"name\":\"leiv Brand Hub\",\"description\":\"Effizientes Markenmanagement-Tool\",\"publisher\":{\"@id\":\"https:\/\/hub.jungundbanse.de\/leiv\/#organization\"},\"potentialAction\":[{\"@type\":\"SearchAction\",\"target\":{\"@type\":\"EntryPoint\",\"urlTemplate\":\"https:\/\/hub.jungundbanse.de\/leiv\/?s={search_term_string}\"},\"query-input\":\"required name=search_term_string\"}],\"inLanguage\":\"de-DE\"},{\"@type\":\"Organization\",\"@id\":\"https:\/\/hub.jungundbanse.de\/leiv\/#organization\",\"name\":\"leiv Brand Hub\",\"url\":\"https:\/\/hub.jungundbanse.de\/leiv\/\",\"logo\":{\"@type\":\"ImageObject\",\"inLanguage\":\"de-DE\",\"@id\":\"https:\/\/hub.jungundbanse.de\/leiv\/#\/schema\/logo\/image\/\",\"url\":\"https:\/\/hub.jungundbanse.de\/leiv\/wp-content\/uploads\/sites\/14\/2023\/11\/leiv_logo_rgb_black.svg\",\"contentUrl\":\"https:\/\/hub.jungundbanse.de\/leiv\/wp-content\/uploads\/sites\/14\/2023\/11\/leiv_logo_rgb_black.svg\",\"caption\":\"leiv Brand Hub\"},\"image\":{\"@id\":\"https:\/\/hub.jungundbanse.de\/leiv\/#\/schema\/logo\/image\/\"}}]}<\/script>\n<!-- \/ Yoast SEO plugin. -->","yoast_head_json":{"title":"Markenkernwerte - leiv Brand Hub","robots":{"index":"noindex","follow":"follow","max-snippet":"max-snippet:-1","max-image-preview":"max-image-preview:large","max-video-preview":"max-video-preview:-1"},"og_locale":"de_DE","og_type":"article","og_title":"Markenkernwerte - leiv Brand Hub","og_description":"Marken\u00adstrategie Markenkernwerte Kernwerte sind ein wichtiges Element, da sie die Identit\u00e4t unserer Marke formen. Es sind die \u00dcberzeugungen, f\u00fcr die unser Unternehmen steht. Sie dienen als Kompass, der unser Handeln, unser Verhalten und unseren Entscheidungsprozess leitet. Lebensqualit\u00e4t Wir erm\u00f6glichen unseren Kunden eine ungezwungene Freizeit \u2013 egal ob alleine oder mit den Liebsten. Bereicherung Wir bereichern [&hellip;]","og_url":"https:\/\/hub.jungundbanse.de\/leiv\/markenstrategie\/markenkernwerte\/","og_site_name":"leiv Brand Hub","article_modified_time":"2023-12-05T08:40:29+00:00","twitter_card":"summary_large_image","twitter_misc":{"Gesch\u00e4tzte Lesezeit":"1 Minute"},"schema":{"@context":"https:\/\/schema.org","@graph":[{"@type":"WebPage","@id":"https:\/\/hub.jungundbanse.de\/leiv\/markenstrategie\/markenkernwerte\/","url":"https:\/\/hub.jungundbanse.de\/leiv\/markenstrategie\/markenkernwerte\/","name":"Markenkernwerte - leiv Brand Hub","isPartOf":{"@id":"https:\/\/hub.jungundbanse.de\/leiv\/#website"},"datePublished":"2023-01-06T09:52:59+00:00","dateModified":"2023-12-05T08:40:29+00:00","breadcrumb":{"@id":"https:\/\/hub.jungundbanse.de\/leiv\/markenstrategie\/markenkernwerte\/#breadcrumb"},"inLanguage":"de-DE","potentialAction":[{"@type":"ReadAction","target":["https:\/\/hub.jungundbanse.de\/leiv\/markenstrategie\/markenkernwerte\/"]}]},{"@type":"BreadcrumbList","@id":"https:\/\/hub.jungundbanse.de\/leiv\/markenstrategie\/markenkernwerte\/#breadcrumb","itemListElement":[{"@type":"ListItem","position":1,"name":"Home","item":"https:\/\/hub.jungundbanse.de\/leiv\/"},{"@type":"ListItem","position":2,"name":"Markenstrategie","item":"https:\/\/hub.jungundbanse.de\/leiv\/markenstrategie\/"},{"@type":"ListItem","position":3,"name":"Markenkernwerte"}]},{"@type":"WebSite","@id":"https:\/\/hub.jungundbanse.de\/leiv\/#website","url":"https:\/\/hub.jungundbanse.de\/leiv\/","name":"leiv Brand Hub","description":"Effizientes Markenmanagement-Tool","publisher":{"@id":"https:\/\/hub.jungundbanse.de\/leiv\/#organization"},"potentialAction":[{"@type":"SearchAction","target":{"@type":"EntryPoint","urlTemplate":"https:\/\/hub.jungundbanse.de\/leiv\/?s={search_term_string}"},"query-input":"required name=search_term_string"}],"inLanguage":"de-DE"},{"@type":"Organization","@id":"https:\/\/hub.jungundbanse.de\/leiv\/#organization","name":"leiv Brand Hub","url":"https:\/\/hub.jungundbanse.de\/leiv\/","logo":{"@type":"ImageObject","inLanguage":"de-DE","@id":"https:\/\/hub.jungundbanse.de\/leiv\/#\/schema\/logo\/image\/","url":"https:\/\/hub.jungundbanse.de\/leiv\/wp-content\/uploads\/sites\/14\/2023\/11\/leiv_logo_rgb_black.svg","contentUrl":"https:\/\/hub.jungundbanse.de\/leiv\/wp-content\/uploads\/sites\/14\/2023\/11\/leiv_logo_rgb_black.svg","caption":"leiv Brand Hub"},"image":{"@id":"https:\/\/hub.jungundbanse.de\/leiv\/#\/schema\/logo\/image\/"}}]}},"_links":{"self":[{"href":"https:\/\/hub.jungundbanse.de\/leiv\/wp-json\/wp\/v2\/pages\/694"}],"collection":[{"href":"https:\/\/hub.jungundbanse.de\/leiv\/wp-json\/wp\/v2\/pages"}],"about":[{"href":"https:\/\/hub.jungundbanse.de\/leiv\/wp-json\/wp\/v2\/types\/page"}],"author":[{"embeddable":true,"href":"https:\/\/hub.jungundbanse.de\/leiv\/wp-json\/wp\/v2\/users\/1"}],"replies":[{"embeddable":true,"href":"https:\/\/hub.jungundbanse.de\/leiv\/wp-json\/wp\/v2\/comments?post=694"}],"version-history":[{"count":23,"href":"https:\/\/hub.jungundbanse.de\/leiv\/wp-json\/wp\/v2\/pages\/694\/revisions"}],"predecessor-version":[{"id":2555,"href":"https:\/\/hub.jungundbanse.de\/leiv\/wp-json\/wp\/v2\/pages\/694\/revisions\/2555"}],"up":[{"embeddable":true,"href":"https:\/\/hub.jungundbanse.de\/leiv\/wp-json\/wp\/v2\/pages\/792"}],"wp:attachment":[{"href":"https:\/\/hub.jungundbanse.de\/leiv\/wp-json\/wp\/v2\/media?parent=694"}],"curies":[{"name":"wp","href":"https:\/\/api.w.org\/{rel}","templated":true}]}}