{"id":695,"date":"2022-10-28T19:52:27","date_gmt":"2022-10-28T19:52:27","guid":{"rendered":"https:\/\/hub.jungundbanse.de\/lehmann\/?page_id=695"},"modified":"2022-11-08T12:03:07","modified_gmt":"2022-11-08T12:03:07","slug":"datenschutz","status":"publish","type":"page","link":"https:\/\/hub.jungundbanse.de\/lehmann\/datenschutz\/","title":{"rendered":"Datenschutz"},"content":{"rendered":"<div  class=\"row_wrap\">\n<div class=\"wp-block-columns row_xl\">\n<div class=\"wp-block-column col-12 col-sm-auto\"><div  class='spacer_wrap' style='visibility: hidden'><div class='wp-block-spacer inner-sm' style='height: calc(50px * 0.4)' aria-hidden='true'><\/div><div class='wp-block-spacer inner-md' style='height: calc(50px * 0.6)' aria-hidden='true'><\/div><div class='wp-block-spacer inner-lg' style='height: calc(50px * 0.8)' aria-hidden='true'><\/div><div class='wp-block-spacer inner-xl' style='height: calc(50px * 1)' aria-hidden='true'><\/div><\/div>\n\n\n<h1 class=\"wp-block-heading\">Datenschutz<\/h1>\n\n\n\n<h2 class=\"wp-block-heading\">Datenschutzerkl\u00e4rung<\/h2>\n\n\n\n<p>Wir freuen uns \u00fcber Ihren Besuch auf unserer Internetpr\u00e4senz und Ihr Interesse an unserem Unternehmen. Wir verpflichten uns, im Einklang mit den Regelungen der einschl\u00e4gigen rechtlichen Vorschriften Ihre Privatsph\u00e4re und uns von Ihnen ggf. \u00fcberlassene pers\u00f6nliche Daten zu sch\u00fctzen.<\/p>\n\n\n\n<p>Einige Angaben wie Typ und Version Ihres Browsers, die Zugriffszeit, die Namen aufgerufener Seiten bzw. Dateien sowie Meldungen betreffend den Erfolg bzw. Misserfolg des Zugriffes werden von uns automatisch protokolliert. IP-Adressen werden von uns -wenn \u00fcberhaupt- nur in anonymisierter Form protokolliert. Diese Informationen werden genutzt, um die Servicequalit\u00e4t zu halten und um allgemeine Statistiken zu erstellen. Sie sind f\u00fcr uns keinesfalls bestimmten Personen zuordenbar. Eine Zusammenf\u00fchrung dieser Daten mit anderen Datenquellen wird nicht vorgenommen, zudem werden sie in regelm\u00e4\u00dfigen Zeitabst\u00e4nden gel\u00f6scht.<\/p>\n\n\n\n<p>Die Nutzung unseres Internetangebotes ist in der Regel ohne Angabe personenbezogener Daten m\u00f6glich. Alle Angaben sind freiwillig. Die Verarbeitung der pers\u00f6nlichen Daten erfolgt ausschlie\u00dflich zur Erf\u00fcllung der nachgefragten Dienste und zur Wahrung berechtigter eigener Gesch\u00e4ftsinteressen.<\/p>\n\n\n\n<p>Sie k\u00f6nnen von uns jederzeit Auskunft \u00fcber Ihre durch uns gespeicherten personenbezogenen Daten, den Zweck der Speicherung und deren Herkunft verlangen. Zus\u00e4tzlich besteht nach Ma\u00dfgabe der gesetzlichen Bestimmungen ein Recht auf Berichtigung, Sperrung und L\u00f6schung Ihrer personenbezogenen Daten.<\/p>\n\n\n\n<p>Wir werden Ihre pers\u00f6nlichen Daten gegen\u00fcber anderen Unternehmen oder Institutionen weder offenlegen, \u00fcberlassen, verkaufen noch anderweitig vermarkten, au\u00dfer wenn wir zu einer Offenlegung und \u00dcbermittlung der Daten gesetzlich oder durch gerichtliches Urteil verpflichtet sind.<\/p>\n\n\n\n<p>Wir haben technische und organisatorische Ma\u00dfnahmen ergriffen, um die von Ihnen zur Verf\u00fcgung gestellten personenbezogenen Daten vor Verlust, Zerst\u00f6rung, Manipulation und unberechtigtem Zugriff zu sch\u00fctzen. Allerdings weisen wir darauf hin, dass die Daten\u00fcbertragung im Internet (z.B. bei der E-Mail-Kommunikation) Sicherheitsl\u00fccken aufweisen kann. Ein l\u00fcckenloser Schutz der Daten vor dem Zugriff durch Dritte ist nicht m\u00f6glich.<\/p>\n\n\n\n<p>Alle unsere Mitarbeiter und an der Datenverarbeitung beteiligten Dritte sind auf das Bundesdatenschutzgesetz und den vertraulichen Umgang mit personenbezogenen Daten verpflichtet.<br><br><\/p>\n\n\n\n<h2 class=\"wp-block-heading\">Cookies<\/h2>\n\n\n\n<p>Die Internetseiten verwenden teilweise so genannte Cookies. Cookies richten auf Ihrem Rechner keinen Schaden an und enthalten keine Viren. Cookies dienen dazu, unser Angebot nutzerfreundlicher, effektiver und sicherer zu machen. Cookies sind kleine Textdateien, die auf Ihrem Rechner abgelegt werden und die Ihr Browser speichert. Die meisten der von uns verwendeten Cookies sind so genannte \u201eSession-Cookies\u201c. Sie werden nach Ende Ihres Besuchs automatisch gel\u00f6scht. Andere Cookies bleiben auf Ihrem Endger\u00e4t gespeichert, bis Sie diese l\u00f6schen. Diese Cookies erm\u00f6glichen es uns, Ihren Browser beim n\u00e4chsten Besuch wiederzuerkennen. Sie k\u00f6nnen Ihren Browser so einstellen, dass Sie \u00fcber das Setzen von Cookies informiert werden und Cookies nur im Einzelfall erlauben, die Annahme von Cookies f\u00fcr bestimmte F\u00e4lle oder generell ausschlie\u00dfen sowie das automatische L\u00f6schen der Cookies beim Schlie\u00dfen des Browsers aktivieren. Bei der Deaktivierung von Cookies kann die Funktionalit\u00e4t dieser Website eingeschr\u00e4nkt sein.<br><br><\/p>\n\n\n\n<h2 class=\"wp-block-heading\">Server-Log-Dateien<\/h2>\n\n\n\n<p>Der Provider der Seiten erhebt und speichert automatisch Informationen in so genannten Server-Log-Dateien, die Ihr Browser automatisch an uns \u00fcbermittelt. Dies sind:<\/p>\n\n\n\n<ul>\n<li>Browsertyp und Browserversion<\/li>\n\n\n\n<li>verwendetes Betriebssystem<\/li>\n\n\n\n<li>Referrer URL<\/li>\n\n\n\n<li>Hostname des zugreifenden Rechners<\/li>\n\n\n\n<li>Uhrzeit der Serveranfrage<\/li>\n\n\n\n<li>IP-Adresse<\/li>\n<\/ul>\n\n\n\n<p>Eine Zusammenf\u00fchrung dieser Daten mit anderen Datenquellen wird nicht vorgenommen. Grundlage f\u00fcr die Datenverarbeitung ist Art. 6 Abs. 1 lit. b DSGVO, der die Verarbeitung von Daten zur Erf\u00fcllung eines Vertrags oder vorvertraglicher Ma\u00dfnahmen gestattet.<br><br><\/p>\n\n\n\n<h2 class=\"wp-block-heading\">SSL-Verschl\u00fcsselung<\/h2>\n\n\n\n<p>Diese Seite nutzt aus Gr\u00fcnden der Sicherheit und zum Schutz der \u00dcbertragung vertraulicher Inhalte, wie zum Beispiel der Anfragen, die Sie an uns als Seitenbetreiber senden, eine SSLVerschl\u00fcsselung. Eine verschl\u00fcsselte Verbindung erkennen Sie daran, dass die Adresszeile des Browsers von &#8220;http:\/\/&#8221; auf &#8220;https:\/\/&#8221; wechselt und an dem Schloss-Symbol in Ihrer Browserzeile. Wenn die SSL Verschl\u00fcsselung aktiviert ist, k\u00f6nnen die Daten, die Sie an uns \u00fcbermitteln, nicht von Dritten mitgelesen werden.<br><br><\/p>\n\n\n\n<h2 class=\"wp-block-heading\">Datenschutzerkl\u00e4rung f\u00fcr Google Analytics<\/h2>\n\n\n\n<p>Unsere Website verwendet Google Analytics, einen Webanalysedienst von Google Inc., 1600 Amphitheatre Parkway, Mountain View, CA 94043, USA. Zur Deaktivierung von Google Analytiscs stellt Google unter http:\/\/tools.google.com\/dlpage\/gaoptout?hl=de ein BrowserPlug-In zur Verf\u00fcgung. Google Analytics verwendet Cookies. Das sind kleine Textdateien, die es m\u00f6glich machen, auf dem Endger\u00e4t des Nutzers spezifische, auf den Nutzer bezogene Informationen zu speichern. Diese erm\u00f6glichen eine Analyse der Nutzung unseres Websitangebotes durch Google. Die durch den Cookie erfassten Informationen \u00fcber die Nutzung unserer Seiten (einschlie\u00dflich Ihrer IP-Adresse) werden in der Regel an einen Server von Google in den USA \u00fcbertragen und dort gespeichert. Wir weisen darauf hin, dass auf dieser Website Google Analytics um den Code \u201egat._anonymizeIp();\u201c erweitert wurde, um eine anonymisierte Erfassung von IP-Adressen (sog. IP-Masking) zu gew\u00e4hrleisten. Ist die Anonymisierung aktiv, k\u00fcrzt Google IP-Adressen innerhalb von Mitgliedstaaten der Europ\u00e4ischen Union oder in anderen Vertragsstaaten des Abkommens \u00fcber den Europ\u00e4ischen Wirtschaftsraum, weswegen keine R\u00fcckschl\u00fcsse auf Ihre Identit\u00e4t m\u00f6glich sind. Nur in Ausnahmef\u00e4llen wird die volle IP-Adresse an einen Server von Google in den USA \u00fcbertragen und dort gek\u00fcrzt. Google beachtet die Datenschutzbestimmungen des \u201eUSSafe-Harbor\u201c-Abkommens und ist beim \u201eSafe Harbor\u201c-Programm des USHandelsministeriums registriert und nutzt die gesammelten Informationen, um die Nutzung unserer Websites auszuwerten, Berichte f\u00fcr uns diesbez\u00fcglich zu verfassen und andere diesbez\u00fcgliche Dienstleistungen an uns zu erbringen. Mehr erfahren Sie unter http:\/\/www.google.com\/intl\/de\/analytics\/privacyoverview.html.Diese Seite nutzt \u00fcber eine API den Kartendienst Google Maps. Anbieter ist die Google Inc., 1600 Amphitheatre Parkway, Mountain View, CA 94043, USA.<br><br><\/p>\n\n\n\n<h2 class=\"wp-block-heading\">Google Maps<\/h2>\n\n\n\n<p>Diese Seite nutzt \u00fcber eine API den Kartendienst Google Maps. Anbieter ist die Google Inc., 1600 Amphitheatre Parkway, Mountain View, CA 94043, USA.<br><br>Zur Nutzung der Funktionen von Google Maps ist es notwendig, Ihre IP Adresse zu speichern. Diese Informationen werden in der Regel an einen Server von Google in den USA \u00fcbertragen und dort gespeichert. Der Anbieter dieser Seite hat keinen Einfluss auf diese Daten\u00fcbertragung.<br><br>Die Nutzung von Google Maps erfolgt im Interesse einer ansprechenden Darstellung unserer Online-Angebote und an einer leichten Auffindbarkeit der von uns auf der Website angegebenen Orte. Dies stellt ein berechtigtes Interesse im Sinne von Art. 6 Abs. 1 lit. f DSGVO dar.<br><br>Mehr Informationen zum Umgang mit Nutzerdaten finden Sie in der Datenschutzerkl\u00e4rung von Google: https:\/\/www.google.de\/intl\/de\/policies\/privacy\/.<br><br><\/p>\n\n\n\n<h2 class=\"wp-block-heading\">Wiederruf Datennutzung<\/h2>\n\n\n\n<p>Der Nutzung von im Rahmen der Impressumspflicht ver\u00f6ffentlichten Kontaktdaten durch Dritte zur \u00dcbersendung von nicht ausdr\u00fccklich angeforderter Werbung und Informationsmaterialien wird hiermit ausdr\u00fccklich widersprochen. Die Betreiber der Seiten behalten sich ausdr\u00fccklich rechtliche Schritte im Falle der unverlangten Zusendung von Werbeinformationen, etwa durch Spam-Mails, vor. Wir behalten uns das Recht vor, diese Erkl\u00e4rung jederzeit zu \u00e4ndern. Sie begr\u00fcndet kein vertragliches oder sonstiges formales Recht gegen\u00fcber oder im Auftrag einer Partei.<br><br><\/p>\n\n\n\n<h3 class=\"wp-block-heading\">Verantwortliche Stelle:<\/h3>\n\n\n\n<p>Lehmann Isolier- und Brandschutztechnik GmbH<br>Inhaber: Udo Lehmann<br>Richtweg 63<br>90530 Wendelstein<\/p>\n\n\n<div  class='spacer_wrap' style='visibility: hidden'><div class='wp-block-spacer inner-sm' style='height: calc(50px * 0.4)' aria-hidden='true'><\/div><div class='wp-block-spacer inner-md' style='height: calc(50px * 0.6)' aria-hidden='true'><\/div><div class='wp-block-spacer inner-lg' style='height: calc(50px * 0.8)' aria-hidden='true'><\/div><div class='wp-block-spacer inner-xl' style='height: calc(50px * 1)' aria-hidden='true'><\/div><\/div><\/div>\n<\/div>\n<\/div>","protected":false},"excerpt":{"rendered":"<p>Datenschutz Datenschutzerkl\u00e4rung Wir freuen uns \u00fcber Ihren Besuch auf unserer Internetpr\u00e4senz und Ihr Interesse an unserem Unternehmen. Wir verpflichten uns, im Einklang mit den Regelungen der einschl\u00e4gigen rechtlichen Vorschriften Ihre Privatsph\u00e4re und uns von Ihnen ggf. \u00fcberlassene pers\u00f6nliche Daten zu sch\u00fctzen. Einige Angaben wie Typ und Version Ihres Browsers, die Zugriffszeit, die Namen aufgerufener Seiten [&hellip;]<\/p>\n","protected":false},"author":1,"featured_media":0,"parent":0,"menu_order":0,"comment_status":"closed","ping_status":"closed","template":"","meta":{"_eb_attr":"","greyd_block_editor_preview":[],"footnotes":""},"yoast_head":"<!-- This site is optimized with the Yoast SEO plugin v21.5 - https:\/\/yoast.com\/wordpress\/plugins\/seo\/ -->\n<title>Datenschutz - Lehmann<\/title>\n<meta name=\"robots\" content=\"noindex, follow, max-snippet:-1, max-image-preview:large, max-video-preview:-1\" \/>\n<meta property=\"og:locale\" content=\"de_DE\" \/>\n<meta property=\"og:type\" content=\"article\" \/>\n<meta property=\"og:title\" content=\"Datenschutz - Lehmann\" \/>\n<meta property=\"og:description\" content=\"Datenschutz Datenschutzerkl\u00e4rung Wir freuen uns \u00fcber Ihren Besuch auf unserer Internetpr\u00e4senz und Ihr Interesse an unserem Unternehmen. Wir verpflichten uns, im Einklang mit den Regelungen der einschl\u00e4gigen rechtlichen Vorschriften Ihre Privatsph\u00e4re und uns von Ihnen ggf. \u00fcberlassene pers\u00f6nliche Daten zu sch\u00fctzen. Einige Angaben wie Typ und Version Ihres Browsers, die Zugriffszeit, die Namen aufgerufener Seiten [&hellip;]\" \/>\n<meta property=\"og:url\" content=\"https:\/\/hub.jungundbanse.de\/lehmann\/datenschutz\/\" \/>\n<meta property=\"og:site_name\" content=\"Lehmann\" \/>\n<meta property=\"article:modified_time\" content=\"2022-11-08T12:03:07+00:00\" \/>\n<meta name=\"twitter:card\" content=\"summary_large_image\" \/>\n<meta name=\"twitter:label1\" content=\"Gesch\u00e4tzte Lesezeit\" \/>\n\t<meta name=\"twitter:data1\" content=\"6 Minuten\" \/>\n<script type=\"application\/ld+json\" class=\"yoast-schema-graph\">{\"@context\":\"https:\/\/schema.org\",\"@graph\":[{\"@type\":\"WebPage\",\"@id\":\"https:\/\/hub.jungundbanse.de\/lehmann\/datenschutz\/\",\"url\":\"https:\/\/hub.jungundbanse.de\/lehmann\/datenschutz\/\",\"name\":\"Datenschutz - Lehmann\",\"isPartOf\":{\"@id\":\"https:\/\/hub.jungundbanse.de\/lehmann\/#website\"},\"datePublished\":\"2022-10-28T19:52:27+00:00\",\"dateModified\":\"2022-11-08T12:03:07+00:00\",\"breadcrumb\":{\"@id\":\"https:\/\/hub.jungundbanse.de\/lehmann\/datenschutz\/#breadcrumb\"},\"inLanguage\":\"de-DE\",\"potentialAction\":[{\"@type\":\"ReadAction\",\"target\":[\"https:\/\/hub.jungundbanse.de\/lehmann\/datenschutz\/\"]}]},{\"@type\":\"BreadcrumbList\",\"@id\":\"https:\/\/hub.jungundbanse.de\/lehmann\/datenschutz\/#breadcrumb\",\"itemListElement\":[{\"@type\":\"ListItem\",\"position\":1,\"name\":\"Home\",\"item\":\"https:\/\/hub.jungundbanse.de\/lehmann\/\"},{\"@type\":\"ListItem\",\"position\":2,\"name\":\"Datenschutz\"}]},{\"@type\":\"WebSite\",\"@id\":\"https:\/\/hub.jungundbanse.de\/lehmann\/#website\",\"url\":\"https:\/\/hub.jungundbanse.de\/lehmann\/\",\"name\":\"Lehmann\",\"description\":\"Isolier- und Brandschutztechnik aus Wendelstein\",\"publisher\":{\"@id\":\"https:\/\/hub.jungundbanse.de\/lehmann\/#organization\"},\"potentialAction\":[{\"@type\":\"SearchAction\",\"target\":{\"@type\":\"EntryPoint\",\"urlTemplate\":\"https:\/\/hub.jungundbanse.de\/lehmann\/?s={search_term_string}\"},\"query-input\":\"required name=search_term_string\"}],\"inLanguage\":\"de-DE\"},{\"@type\":\"Organization\",\"@id\":\"https:\/\/hub.jungundbanse.de\/lehmann\/#organization\",\"name\":\"Lehmann\",\"url\":\"https:\/\/hub.jungundbanse.de\/lehmann\/\",\"logo\":{\"@type\":\"ImageObject\",\"inLanguage\":\"de-DE\",\"@id\":\"https:\/\/hub.jungundbanse.de\/lehmann\/#\/schema\/logo\/image\/\",\"url\":\"https:\/\/hub.jungundbanse.de\/lehmann\/wp-content\/uploads\/sites\/4\/2022\/10\/L_Lehmann_Wortbildmarke_RGB_Standard.svg\",\"contentUrl\":\"https:\/\/hub.jungundbanse.de\/lehmann\/wp-content\/uploads\/sites\/4\/2022\/10\/L_Lehmann_Wortbildmarke_RGB_Standard.svg\",\"caption\":\"Lehmann\"},\"image\":{\"@id\":\"https:\/\/hub.jungundbanse.de\/lehmann\/#\/schema\/logo\/image\/\"}}]}<\/script>\n<!-- \/ Yoast SEO plugin. -->","yoast_head_json":{"title":"Datenschutz - Lehmann","robots":{"index":"noindex","follow":"follow","max-snippet":"max-snippet:-1","max-image-preview":"max-image-preview:large","max-video-preview":"max-video-preview:-1"},"og_locale":"de_DE","og_type":"article","og_title":"Datenschutz - Lehmann","og_description":"Datenschutz Datenschutzerkl\u00e4rung Wir freuen uns \u00fcber Ihren Besuch auf unserer Internetpr\u00e4senz und Ihr Interesse an unserem Unternehmen. Wir verpflichten uns, im Einklang mit den Regelungen der einschl\u00e4gigen rechtlichen Vorschriften Ihre Privatsph\u00e4re und uns von Ihnen ggf. \u00fcberlassene pers\u00f6nliche Daten zu sch\u00fctzen. Einige Angaben wie Typ und Version Ihres Browsers, die Zugriffszeit, die Namen aufgerufener Seiten [&hellip;]","og_url":"https:\/\/hub.jungundbanse.de\/lehmann\/datenschutz\/","og_site_name":"Lehmann","article_modified_time":"2022-11-08T12:03:07+00:00","twitter_card":"summary_large_image","twitter_misc":{"Gesch\u00e4tzte Lesezeit":"6 Minuten"},"schema":{"@context":"https:\/\/schema.org","@graph":[{"@type":"WebPage","@id":"https:\/\/hub.jungundbanse.de\/lehmann\/datenschutz\/","url":"https:\/\/hub.jungundbanse.de\/lehmann\/datenschutz\/","name":"Datenschutz - Lehmann","isPartOf":{"@id":"https:\/\/hub.jungundbanse.de\/lehmann\/#website"},"datePublished":"2022-10-28T19:52:27+00:00","dateModified":"2022-11-08T12:03:07+00:00","breadcrumb":{"@id":"https:\/\/hub.jungundbanse.de\/lehmann\/datenschutz\/#breadcrumb"},"inLanguage":"de-DE","potentialAction":[{"@type":"ReadAction","target":["https:\/\/hub.jungundbanse.de\/lehmann\/datenschutz\/"]}]},{"@type":"BreadcrumbList","@id":"https:\/\/hub.jungundbanse.de\/lehmann\/datenschutz\/#breadcrumb","itemListElement":[{"@type":"ListItem","position":1,"name":"Home","item":"https:\/\/hub.jungundbanse.de\/lehmann\/"},{"@type":"ListItem","position":2,"name":"Datenschutz"}]},{"@type":"WebSite","@id":"https:\/\/hub.jungundbanse.de\/lehmann\/#website","url":"https:\/\/hub.jungundbanse.de\/lehmann\/","name":"Lehmann","description":"Isolier- und Brandschutztechnik aus Wendelstein","publisher":{"@id":"https:\/\/hub.jungundbanse.de\/lehmann\/#organization"},"potentialAction":[{"@type":"SearchAction","target":{"@type":"EntryPoint","urlTemplate":"https:\/\/hub.jungundbanse.de\/lehmann\/?s={search_term_string}"},"query-input":"required name=search_term_string"}],"inLanguage":"de-DE"},{"@type":"Organization","@id":"https:\/\/hub.jungundbanse.de\/lehmann\/#organization","name":"Lehmann","url":"https:\/\/hub.jungundbanse.de\/lehmann\/","logo":{"@type":"ImageObject","inLanguage":"de-DE","@id":"https:\/\/hub.jungundbanse.de\/lehmann\/#\/schema\/logo\/image\/","url":"https:\/\/hub.jungundbanse.de\/lehmann\/wp-content\/uploads\/sites\/4\/2022\/10\/L_Lehmann_Wortbildmarke_RGB_Standard.svg","contentUrl":"https:\/\/hub.jungundbanse.de\/lehmann\/wp-content\/uploads\/sites\/4\/2022\/10\/L_Lehmann_Wortbildmarke_RGB_Standard.svg","caption":"Lehmann"},"image":{"@id":"https:\/\/hub.jungundbanse.de\/lehmann\/#\/schema\/logo\/image\/"}}]}},"_links":{"self":[{"href":"https:\/\/hub.jungundbanse.de\/lehmann\/wp-json\/wp\/v2\/pages\/695"}],"collection":[{"href":"https:\/\/hub.jungundbanse.de\/lehmann\/wp-json\/wp\/v2\/pages"}],"about":[{"href":"https:\/\/hub.jungundbanse.de\/lehmann\/wp-json\/wp\/v2\/types\/page"}],"author":[{"embeddable":true,"href":"https:\/\/hub.jungundbanse.de\/lehmann\/wp-json\/wp\/v2\/users\/1"}],"replies":[{"embeddable":true,"href":"https:\/\/hub.jungundbanse.de\/lehmann\/wp-json\/wp\/v2\/comments?post=695"}],"version-history":[{"count":4,"href":"https:\/\/hub.jungundbanse.de\/lehmann\/wp-json\/wp\/v2\/pages\/695\/revisions"}],"predecessor-version":[{"id":796,"href":"https:\/\/hub.jungundbanse.de\/lehmann\/wp-json\/wp\/v2\/pages\/695\/revisions\/796"}],"wp:attachment":[{"href":"https:\/\/hub.jungundbanse.de\/lehmann\/wp-json\/wp\/v2\/media?parent=695"}],"curies":[{"name":"wp","href":"https:\/\/api.w.org\/{rel}","templated":true}]}}