{"id":693,"date":"2022-10-28T19:52:10","date_gmt":"2022-10-28T19:52:10","guid":{"rendered":"https:\/\/hub.jungundbanse.de\/lehmann\/?page_id=693"},"modified":"2022-11-08T12:10:44","modified_gmt":"2022-11-08T12:10:44","slug":"impressum","status":"publish","type":"page","link":"https:\/\/hub.jungundbanse.de\/lehmann\/impressum\/","title":{"rendered":"Impressum"},"content":{"rendered":"<div  class=\"row_wrap\">\n<div class=\"wp-block-columns row_xl\">\n<div class=\"wp-block-column col-12 col-sm-auto\"><div  class='spacer_wrap' style='visibility: hidden'><div class='wp-block-spacer inner-sm' style='height: calc(50px * 0.4)' aria-hidden='true'><\/div><div class='wp-block-spacer inner-md' style='height: calc(50px * 0.6)' aria-hidden='true'><\/div><div class='wp-block-spacer inner-lg' style='height: calc(50px * 0.8)' aria-hidden='true'><\/div><div class='wp-block-spacer inner-xl' style='height: calc(50px * 1)' aria-hidden='true'><\/div><\/div>\n\n\n<h2 class=\"has-h-1-font-size wp-block-heading\">Impressum<\/h2>\n\n\n\n<p>Lehmann Isolier- und Brandschutztechnik GmbH<br>Richtweg 63<br>90530 Wendelstein&nbsp;<\/p>\n\n\n\n<p>Telefon: 09129\/26990<br>Fax: 09129\/26988<br>E-Mail:&nbsp;<a href=\"mailto:info@lehmann-isolierung.de\">info@lehmann-isolierung.de<\/a><br><br><\/p>\n\n\n\n<h2 class=\"wp-block-heading\">Verantwortlich<\/h2>\n\n\n\n<p>Lehmann Isolier- und Brandschutztechnik GmbH<br>Inhaber: Herr Udo Lehmann<br>Richtweg 63<br>90530 Wendelstein<br><br><\/p>\n\n\n\n<h2 class=\"wp-block-heading\">Kontakt<\/h2>\n\n\n\n<p>Telefon: +49 9129 26990<br>Telefax: +49 9129 26988<br>E-Mail: info@lehmann-isolierung.de<\/p>\n\n\n\n<p>Registereintrag:<br>Eintragung im Handelsregister<br>Registergericht: Amtsgericht N\u00fcrnberg<br>Registernummer: HRB 15756<br><br><\/p>\n\n\n\n<h2 class=\"wp-block-heading\">Umsatzsteuer-ID<\/h2>\n\n\n\n<p>Umsatzsteuer-Identifikationsnummer: DE195907609<br><br><\/p>\n\n\n\n<h2 class=\"wp-block-heading\">Haftungshinweis<\/h2>\n\n\n\n<p>Bei der Nutzung von Datennetzen, dem Internet, E-Mail etc. besteht die Gefahr der Viren\u00fcbertragung. Jeder Nutzer muss selbst geeignete Ma\u00dfnahmen zum Schutz seiner Daten sowie seiner Hard- und Software vor Infektion mit Viren treffen. Ebenso erfolgt die Nutzung unserer Internetseite und deren Inhalte auf eigene Gefahr. Eine Haftung f\u00fcr Sch\u00e4den, Datenverluste, entgangenen Gewinn oder Folgesch\u00e4den ist ausgeschlossen.<br><br>Alle Inhalte und Angaben auf unserer Website dienen der Information und wurden sorgf\u00e4ltig zusammengestellt und gepr\u00fcft. F\u00fcr die Richtigkeit, die Aktualit\u00e4t und Vollst\u00e4ndigkeit der Inhalte und Angaben k\u00f6nnen weder die Lehmann Isolier- und Brandschutztechnik GmbH noch Dritte die Haftung \u00fcbernehmen. Alle Angaben und Inhalte sind ohne Gew\u00e4hr. Irrtum und \u00c4nderungen vorbehalten. Wir behalten uns vor, jederzeit Daten zu \u00e4ndern, zu aktualisieren, zu \u00fcberarbeiten oder zu l\u00f6schen. Der Haftungsausschluss gilt nicht f\u00fcr grobe Fahrl\u00e4ssigkeit und Vorsatz.<br><br>Die Lehmann Isolier- und Brandschutztechnik GmbH ist als Inhaltsanbieter f\u00fcr die &#8220;eigenen Inhalte&#8221;, die sie zur Nutzung bereith\u00e4lt, verantwortlich. Von diesen eigenen Inhalten sind Querverweise (&#8220;Links&#8221;) auf die von anderen Anbietern bereitgehaltenen Inhalte zu unterscheiden. Trotz sorgf\u00e4ltiger inhaltlicher Kontrolle \u00fcbernehmen wir keine Haftung f\u00fcr die Inhalte externer Links. F\u00fcr den Inhalt der verlinkten Seiten sind ausschlie\u00dflich deren Betreiber verantwortlich. Das gilt auch f\u00fcr die auf den Internetseiten ggf. eingeblendeten Werbebanner, Texte und weiterf\u00fchrenden Links.<br><br>Die Nutzung externer Links geschieht auf eigene Gefahr. Sie f\u00fchrt zum Verlassen der Internetseite der Lehmann Isolier- und Brandschutztechnik GmbH.<\/p>\n\n\n<div  class='spacer_wrap' style='visibility: hidden'><div class='wp-block-spacer inner-sm' style='height: calc(50px * 0.4)' aria-hidden='true'><\/div><div class='wp-block-spacer inner-md' style='height: calc(50px * 0.6)' aria-hidden='true'><\/div><div class='wp-block-spacer inner-lg' style='height: calc(50px * 0.8)' aria-hidden='true'><\/div><div class='wp-block-spacer inner-xl' style='height: calc(50px * 1)' aria-hidden='true'><\/div><\/div><\/div>\n<\/div>\n<\/div>","protected":false},"excerpt":{"rendered":"<p>Impressum Lehmann Isolier- und Brandschutztechnik GmbHRichtweg 6390530 Wendelstein&nbsp; Telefon: 09129\/26990Fax: 09129\/26988E-Mail:&nbsp;info@lehmann-isolierung.de Verantwortlich Lehmann Isolier- und Brandschutztechnik GmbHInhaber: Herr Udo LehmannRichtweg 6390530 Wendelstein Kontakt Telefon: +49 9129 26990Telefax: +49 9129 26988E-Mail: info@lehmann-isolierung.de Registereintrag:Eintragung im HandelsregisterRegistergericht: Amtsgericht N\u00fcrnbergRegisternummer: HRB 15756 Umsatzsteuer-ID Umsatzsteuer-Identifikationsnummer: DE195907609 Haftungshinweis Bei der Nutzung von Datennetzen, dem Internet, E-Mail etc. besteht die Gefahr der [&hellip;]<\/p>\n","protected":false},"author":1,"featured_media":0,"parent":0,"menu_order":0,"comment_status":"closed","ping_status":"closed","template":"","meta":{"_eb_attr":"","greyd_block_editor_preview":[],"footnotes":""},"yoast_head":"<!-- This site is optimized with the Yoast SEO plugin v21.5 - https:\/\/yoast.com\/wordpress\/plugins\/seo\/ -->\n<title>Impressum - Lehmann<\/title>\n<meta name=\"robots\" content=\"noindex, follow, max-snippet:-1, max-image-preview:large, max-video-preview:-1\" \/>\n<meta property=\"og:locale\" content=\"de_DE\" \/>\n<meta property=\"og:type\" content=\"article\" \/>\n<meta property=\"og:title\" content=\"Impressum - Lehmann\" \/>\n<meta property=\"og:description\" content=\"Impressum Lehmann Isolier- und Brandschutztechnik GmbHRichtweg 6390530 Wendelstein&nbsp; Telefon: 09129\/26990Fax: 09129\/26988E-Mail:&nbsp;info@lehmann-isolierung.de Verantwortlich Lehmann Isolier- und Brandschutztechnik GmbHInhaber: Herr Udo LehmannRichtweg 6390530 Wendelstein Kontakt Telefon: +49 9129 26990Telefax: +49 9129 26988E-Mail: info@lehmann-isolierung.de Registereintrag:Eintragung im HandelsregisterRegistergericht: Amtsgericht N\u00fcrnbergRegisternummer: HRB 15756 Umsatzsteuer-ID Umsatzsteuer-Identifikationsnummer: DE195907609 Haftungshinweis Bei der Nutzung von Datennetzen, dem Internet, E-Mail etc. besteht die Gefahr der [&hellip;]\" \/>\n<meta property=\"og:url\" content=\"https:\/\/hub.jungundbanse.de\/lehmann\/impressum\/\" \/>\n<meta property=\"og:site_name\" content=\"Lehmann\" \/>\n<meta property=\"article:modified_time\" content=\"2022-11-08T12:10:44+00:00\" \/>\n<meta name=\"twitter:card\" content=\"summary_large_image\" \/>\n<meta name=\"twitter:label1\" content=\"Gesch\u00e4tzte Lesezeit\" \/>\n\t<meta name=\"twitter:data1\" content=\"1 Minute\" \/>\n<script type=\"application\/ld+json\" class=\"yoast-schema-graph\">{\"@context\":\"https:\/\/schema.org\",\"@graph\":[{\"@type\":\"WebPage\",\"@id\":\"https:\/\/hub.jungundbanse.de\/lehmann\/impressum\/\",\"url\":\"https:\/\/hub.jungundbanse.de\/lehmann\/impressum\/\",\"name\":\"Impressum - Lehmann\",\"isPartOf\":{\"@id\":\"https:\/\/hub.jungundbanse.de\/lehmann\/#website\"},\"datePublished\":\"2022-10-28T19:52:10+00:00\",\"dateModified\":\"2022-11-08T12:10:44+00:00\",\"breadcrumb\":{\"@id\":\"https:\/\/hub.jungundbanse.de\/lehmann\/impressum\/#breadcrumb\"},\"inLanguage\":\"de-DE\",\"potentialAction\":[{\"@type\":\"ReadAction\",\"target\":[\"https:\/\/hub.jungundbanse.de\/lehmann\/impressum\/\"]}]},{\"@type\":\"BreadcrumbList\",\"@id\":\"https:\/\/hub.jungundbanse.de\/lehmann\/impressum\/#breadcrumb\",\"itemListElement\":[{\"@type\":\"ListItem\",\"position\":1,\"name\":\"Home\",\"item\":\"https:\/\/hub.jungundbanse.de\/lehmann\/\"},{\"@type\":\"ListItem\",\"position\":2,\"name\":\"Impressum\"}]},{\"@type\":\"WebSite\",\"@id\":\"https:\/\/hub.jungundbanse.de\/lehmann\/#website\",\"url\":\"https:\/\/hub.jungundbanse.de\/lehmann\/\",\"name\":\"Lehmann\",\"description\":\"Isolier- und Brandschutztechnik aus Wendelstein\",\"publisher\":{\"@id\":\"https:\/\/hub.jungundbanse.de\/lehmann\/#organization\"},\"potentialAction\":[{\"@type\":\"SearchAction\",\"target\":{\"@type\":\"EntryPoint\",\"urlTemplate\":\"https:\/\/hub.jungundbanse.de\/lehmann\/?s={search_term_string}\"},\"query-input\":\"required name=search_term_string\"}],\"inLanguage\":\"de-DE\"},{\"@type\":\"Organization\",\"@id\":\"https:\/\/hub.jungundbanse.de\/lehmann\/#organization\",\"name\":\"Lehmann\",\"url\":\"https:\/\/hub.jungundbanse.de\/lehmann\/\",\"logo\":{\"@type\":\"ImageObject\",\"inLanguage\":\"de-DE\",\"@id\":\"https:\/\/hub.jungundbanse.de\/lehmann\/#\/schema\/logo\/image\/\",\"url\":\"https:\/\/hub.jungundbanse.de\/lehmann\/wp-content\/uploads\/sites\/4\/2022\/10\/L_Lehmann_Wortbildmarke_RGB_Standard.svg\",\"contentUrl\":\"https:\/\/hub.jungundbanse.de\/lehmann\/wp-content\/uploads\/sites\/4\/2022\/10\/L_Lehmann_Wortbildmarke_RGB_Standard.svg\",\"caption\":\"Lehmann\"},\"image\":{\"@id\":\"https:\/\/hub.jungundbanse.de\/lehmann\/#\/schema\/logo\/image\/\"}}]}<\/script>\n<!-- \/ Yoast SEO plugin. -->","yoast_head_json":{"title":"Impressum - Lehmann","robots":{"index":"noindex","follow":"follow","max-snippet":"max-snippet:-1","max-image-preview":"max-image-preview:large","max-video-preview":"max-video-preview:-1"},"og_locale":"de_DE","og_type":"article","og_title":"Impressum - Lehmann","og_description":"Impressum Lehmann Isolier- und Brandschutztechnik GmbHRichtweg 6390530 Wendelstein&nbsp; Telefon: 09129\/26990Fax: 09129\/26988E-Mail:&nbsp;info@lehmann-isolierung.de Verantwortlich Lehmann Isolier- und Brandschutztechnik GmbHInhaber: Herr Udo LehmannRichtweg 6390530 Wendelstein Kontakt Telefon: +49 9129 26990Telefax: +49 9129 26988E-Mail: info@lehmann-isolierung.de Registereintrag:Eintragung im HandelsregisterRegistergericht: Amtsgericht N\u00fcrnbergRegisternummer: HRB 15756 Umsatzsteuer-ID Umsatzsteuer-Identifikationsnummer: DE195907609 Haftungshinweis Bei der Nutzung von Datennetzen, dem Internet, E-Mail etc. besteht die Gefahr der [&hellip;]","og_url":"https:\/\/hub.jungundbanse.de\/lehmann\/impressum\/","og_site_name":"Lehmann","article_modified_time":"2022-11-08T12:10:44+00:00","twitter_card":"summary_large_image","twitter_misc":{"Gesch\u00e4tzte Lesezeit":"1 Minute"},"schema":{"@context":"https:\/\/schema.org","@graph":[{"@type":"WebPage","@id":"https:\/\/hub.jungundbanse.de\/lehmann\/impressum\/","url":"https:\/\/hub.jungundbanse.de\/lehmann\/impressum\/","name":"Impressum - Lehmann","isPartOf":{"@id":"https:\/\/hub.jungundbanse.de\/lehmann\/#website"},"datePublished":"2022-10-28T19:52:10+00:00","dateModified":"2022-11-08T12:10:44+00:00","breadcrumb":{"@id":"https:\/\/hub.jungundbanse.de\/lehmann\/impressum\/#breadcrumb"},"inLanguage":"de-DE","potentialAction":[{"@type":"ReadAction","target":["https:\/\/hub.jungundbanse.de\/lehmann\/impressum\/"]}]},{"@type":"BreadcrumbList","@id":"https:\/\/hub.jungundbanse.de\/lehmann\/impressum\/#breadcrumb","itemListElement":[{"@type":"ListItem","position":1,"name":"Home","item":"https:\/\/hub.jungundbanse.de\/lehmann\/"},{"@type":"ListItem","position":2,"name":"Impressum"}]},{"@type":"WebSite","@id":"https:\/\/hub.jungundbanse.de\/lehmann\/#website","url":"https:\/\/hub.jungundbanse.de\/lehmann\/","name":"Lehmann","description":"Isolier- und Brandschutztechnik aus Wendelstein","publisher":{"@id":"https:\/\/hub.jungundbanse.de\/lehmann\/#organization"},"potentialAction":[{"@type":"SearchAction","target":{"@type":"EntryPoint","urlTemplate":"https:\/\/hub.jungundbanse.de\/lehmann\/?s={search_term_string}"},"query-input":"required name=search_term_string"}],"inLanguage":"de-DE"},{"@type":"Organization","@id":"https:\/\/hub.jungundbanse.de\/lehmann\/#organization","name":"Lehmann","url":"https:\/\/hub.jungundbanse.de\/lehmann\/","logo":{"@type":"ImageObject","inLanguage":"de-DE","@id":"https:\/\/hub.jungundbanse.de\/lehmann\/#\/schema\/logo\/image\/","url":"https:\/\/hub.jungundbanse.de\/lehmann\/wp-content\/uploads\/sites\/4\/2022\/10\/L_Lehmann_Wortbildmarke_RGB_Standard.svg","contentUrl":"https:\/\/hub.jungundbanse.de\/lehmann\/wp-content\/uploads\/sites\/4\/2022\/10\/L_Lehmann_Wortbildmarke_RGB_Standard.svg","caption":"Lehmann"},"image":{"@id":"https:\/\/hub.jungundbanse.de\/lehmann\/#\/schema\/logo\/image\/"}}]}},"_links":{"self":[{"href":"https:\/\/hub.jungundbanse.de\/lehmann\/wp-json\/wp\/v2\/pages\/693"}],"collection":[{"href":"https:\/\/hub.jungundbanse.de\/lehmann\/wp-json\/wp\/v2\/pages"}],"about":[{"href":"https:\/\/hub.jungundbanse.de\/lehmann\/wp-json\/wp\/v2\/types\/page"}],"author":[{"embeddable":true,"href":"https:\/\/hub.jungundbanse.de\/lehmann\/wp-json\/wp\/v2\/users\/1"}],"replies":[{"embeddable":true,"href":"https:\/\/hub.jungundbanse.de\/lehmann\/wp-json\/wp\/v2\/comments?post=693"}],"version-history":[{"count":5,"href":"https:\/\/hub.jungundbanse.de\/lehmann\/wp-json\/wp\/v2\/pages\/693\/revisions"}],"predecessor-version":[{"id":798,"href":"https:\/\/hub.jungundbanse.de\/lehmann\/wp-json\/wp\/v2\/pages\/693\/revisions\/798"}],"wp:attachment":[{"href":"https:\/\/hub.jungundbanse.de\/lehmann\/wp-json\/wp\/v2\/media?parent=693"}],"curies":[{"name":"wp","href":"https:\/\/api.w.org\/{rel}","templated":true}]}}